{"id":34,"date":"2024-10-01T12:44:40","date_gmt":"2024-10-01T10:44:40","guid":{"rendered":"http:\/\/www.planteaingenieria.com\/?page_id=34"},"modified":"2024-10-17T11:28:56","modified_gmt":"2024-10-17T09:28:56","slug":"plantea","status":"publish","type":"page","link":"https:\/\/www.planteaingenieria.com\/en\/","title":{"rendered":"Plantea"},"content":{"rendered":"<div class=\"wp-block-gutsliders-photo-carousel alignwide gutslider-b09d6aa5 nav_inside nav_cc\" data-swiper-options=\"{&quot;slidesPerView&quot;:1,&quot;spaceBetween&quot;:0,&quot;loop&quot;:true,&quot;autoplay&quot;:{&quot;delay&quot;:2000,&quot;pauseOnMouseEnter&quot;:false,&quot;stopOnLastSlide&quot;:false,&quot;reverseDirection&quot;:false},&quot;speed&quot;:800,&quot;navigation&quot;:false,&quot;pagination&quot;:false,&quot;effect&quot;:&quot;coverflow&quot;,&quot;keyboard&quot;:{&quot;enabled&quot;:false},&quot;mousewheel&quot;:false,&quot;breakpoints&quot;:{&quot;400&quot;:{&quot;slidesPerView&quot;:1,&quot;spaceBetween&quot;:0},&quot;600&quot;:{&quot;slidesPerView&quot;:2,&quot;spaceBetween&quot;:15},&quot;1025&quot;:{&quot;slidesPerView&quot;:&quot;1&quot;,&quot;spaceBetween&quot;:15}}}\"><div class=\"swiper\"><div class=\"swiper-wrapper\"><div class=\"swiper-slide\"><div class=\"swiper-container-outer zoom__in\"><img decoding=\"async\" src=\"http:\/\/www.planteaingenieria.com\/wp-content\/uploads\/2024\/10\/rural_box-940x300-1.jpg\" alt=\"\"\/><\/div><\/div><div class=\"swiper-slide\"><div class=\"swiper-container-outer zoom__in\"><img decoding=\"async\" src=\"http:\/\/www.planteaingenieria.com\/wp-content\/uploads\/2024\/10\/agrono_box-940x300-1.jpg\" alt=\"\"\/><\/div><\/div><div class=\"swiper-slide\"><div class=\"swiper-container-outer zoom__in\"><img decoding=\"async\" src=\"http:\/\/www.planteaingenieria.com\/wp-content\/uploads\/2024\/10\/mediamb_box-940x300-1.jpg\" alt=\"\"\/><\/div><\/div><div class=\"swiper-slide\"><div class=\"swiper-container-outer zoom__in\"><img decoding=\"async\" src=\"http:\/\/www.planteaingenieria.com\/wp-content\/uploads\/2024\/10\/agrali_box-940x300-2.jpg\" alt=\"\"\/><\/div><\/div><div class=\"swiper-slide\"><div class=\"swiper-container-outer zoom__in\"><img decoding=\"async\" src=\"http:\/\/www.planteaingenieria.com\/wp-content\/uploads\/2024\/10\/DSCF0007-940x300-1.jpg\" alt=\"\"\/><\/div><\/div><div class=\"swiper-slide\"><div class=\"swiper-container-outer zoom__in\"><img decoding=\"async\" src=\"http:\/\/www.planteaingenieria.com\/wp-content\/uploads\/2024\/10\/pro_2-box-940x300-1.jpg\" alt=\"\"\/><\/div><\/div><div class=\"swiper-slide\"><div class=\"swiper-container-outer zoom__in\"><img decoding=\"async\" src=\"http:\/\/www.planteaingenieria.com\/wp-content\/uploads\/2024\/10\/box_6-940x300-1.jpg\" alt=\"\"\/><\/div><\/div><div class=\"swiper-slide\"><div class=\"swiper-container-outer zoom__in\"><img decoding=\"async\" src=\"http:\/\/www.planteaingenieria.com\/wp-content\/uploads\/2024\/10\/box_4-940x300-1.jpg\" alt=\"\"\/><\/div><\/div><div class=\"swiper-slide\"><div class=\"swiper-container-outer zoom__in\"><img decoding=\"async\" src=\"http:\/\/www.planteaingenieria.com\/wp-content\/uploads\/2024\/10\/box_3-940x300-1.jpg\" alt=\"\"\/><\/div><\/div><div class=\"swiper-slide\"><div class=\"swiper-container-outer zoom__in\"><img decoding=\"async\" src=\"http:\/\/www.planteaingenieria.com\/wp-content\/uploads\/2024\/10\/box_1-940x300-1.jpg\" alt=\"\"\/><\/div><\/div><div class=\"swiper-slide\"><div class=\"swiper-container-outer zoom__in\"><img decoding=\"async\" src=\"http:\/\/www.planteaingenieria.com\/wp-content\/uploads\/2024\/10\/box_7-940x300-1.jpg\" alt=\"\"\/><\/div><\/div><div class=\"swiper-slide\"><div class=\"swiper-container-outer zoom__in\"><img decoding=\"async\" src=\"http:\/\/www.planteaingenieria.com\/wp-content\/uploads\/2024\/10\/box_5-940x300-1.jpg\" alt=\"\"\/><\/div><\/div><div class=\"swiper-slide\"><div class=\"swiper-container-outer zoom__in\"><img decoding=\"async\" src=\"http:\/\/www.planteaingenieria.com\/wp-content\/uploads\/2024\/10\/pro_1-box-940x300-1.jpg\" alt=\"\"\/><\/div><\/div><div class=\"swiper-slide\"><div class=\"swiper-container-outer zoom__in\"><img decoding=\"async\" src=\"http:\/\/www.planteaingenieria.com\/wp-content\/uploads\/2024\/10\/df_losllanos_portezuelo_0008.jpg\" alt=\"\"\/><\/div><\/div><div class=\"swiper-slide\"><div class=\"swiper-container-outer zoom__in\"><img decoding=\"async\" src=\"http:\/\/www.planteaingenieria.com\/wp-content\/uploads\/2024\/10\/orotava_box_-940x300-1.jpg\" alt=\"\"\/><\/div><\/div><div class=\"swiper-slide\"><div class=\"swiper-container-outer zoom__in\"><img decoding=\"async\" src=\"http:\/\/www.planteaingenieria.com\/wp-content\/uploads\/2024\/10\/red_de_riego_tigaiga_0007.jpg\" alt=\"\"\/><\/div><\/div><div class=\"swiper-slide\"><div class=\"swiper-container-outer zoom__in\"><img decoding=\"async\" src=\"http:\/\/www.planteaingenieria.com\/wp-content\/uploads\/2024\/10\/bodega_finca_agricola_00061-280x160-2.jpg\" alt=\"\"\/><\/div><\/div><\/div><\/div><\/div>\n\n\n\n<div class=\"wp-block-wavy-wavy-divider alignfull has-background\" style=\"background-color:#418a6b\"><svg fill=\"none\" role=\"separator\" viewbox=\"0 0 100 395\" preserveaspectratio=\"none\" aria-orientation=\"horizontal\" aria-hidden=\"true\" style=\"height:400px;width:100%;display:block\"><path style=\"transition:all .5s ease;opacity:1\" fill=\"#418a6b\" d=\"M 0,240 L 17,272 L 33,340 L 50,296 L 67,240 L 83,212 L 100,112 V 0 H 0 Z\"><\/path><\/svg><\/div>\n\n\n\n<div class=\"wp-block-group alignfull is-horizontal is-content-justification-left is-nowrap is-layout-flex wp-container-core-group-is-layout-12da42ba wp-block-group-is-layout-flex\" style=\"margin-top:0;margin-bottom:0;padding-top:var(--wp--preset--spacing--10);padding-right:var(--wp--preset--spacing--30);padding-bottom:var(--wp--preset--spacing--10);padding-left:var(--wp--preset--spacing--30)\">\n<div class=\"wp-block-group is-vertical is-layout-flex wp-container-core-group-is-layout-fe9cc265 wp-block-group-is-layout-flex\">\n<p class=\"has-text-align-left wp-container-content-9cfa9a5a\" style=\"margin-top:0;margin-right:var(--wp--preset--spacing--60);margin-bottom:0;margin-left:var(--wp--preset--spacing--60);font-size:clamp(0.875rem, 0.875rem + ((1vw - 0.2rem) * 0.542), 1.2rem);\"><strong>Plantea Ingenier\u00eda Agron\u00f3mica<\/strong> is an engineering firm specialized in rural, environmental, and agri-food engineering, based in Tenerife (Canary Islands). We offer consultancy, advisory, and technical assistance services for individuals, companies, and entities linked to the agricultural, agri-food, and\/or environmental sectors.<\/p>\n\n\n\n<p class=\"has-text-align-left wp-container-content-9cfa9a5a\" style=\"margin-top:0;margin-right:var(--wp--preset--spacing--60);margin-bottom:0;margin-left:var(--wp--preset--spacing--60);font-size:clamp(0.875rem, 0.875rem + ((1vw - 0.2rem) * 0.542), 1.2rem);\">At Plantea Ingenier\u00eda, we have a young, dynamic, and innovative team that has gained experience over the years. We are known for our great adaptability to the needs of our clients. We handle projects ranging from small ones for individuals or SMEs to large-scale assignments for government administrations or corporate entities.<\/p>\n\n\n\n<p style=\"margin-top:0;margin-right:var(--wp--preset--spacing--60);margin-bottom:0;margin-left:var(--wp--preset--spacing--60);font-size:clamp(0.875rem, 0.875rem + ((1vw - 0.2rem) * 0.542), 1.2rem);\">We provide a professional technical service, collaborating with other professionals. Our extensive experience and constant innovation guarantee quality results and optimal performance for our clients.<\/p>\n<\/div>\n<\/div>\n\n\n\n<div class=\"wp-block-wavy-wavy-divider alignfull has-background\" style=\"background-color:#498c57\"><svg fill=\"none\" role=\"separator\" viewbox=\"0 0 100 145\" preserveaspectratio=\"none\" aria-orientation=\"horizontal\" aria-hidden=\"true\" style=\"height:150px;width:100%;display:block\"><path style=\"transition:all .5s ease;opacity:1\" fill=\"#498c57\" d=\"M 0,90 L 17,102 L 33,128 L 50,111 L 67,90 L 83,80 L 100,42 V 150 H 0 Z\"><\/path><\/svg><\/div>\n\n\n\n<div class=\"wp-block-wavy-wavy-divider alignfull has-background\" style=\"background-color:#498c57\"><svg fill=\"none\" role=\"separator\" viewbox=\"0 0 100 395\" preserveaspectratio=\"none\" aria-orientation=\"horizontal\" aria-hidden=\"true\" style=\"height:400px;width:100%;display:block\"><path style=\"transition:all .5s ease;opacity:1\" fill=\"#498c57\" d=\"M 0,240 L 17,272 L 33,340 L 50,296 L 67,240 L 83,212 L 100,112 V 0 H 0 Z\"><\/path><\/svg><\/div>\n\n\n\n<h2 class=\"wp-block-heading has-text-align-center is-style-default has-xx-large-font-size\"><strong>Improving day by day<\/strong><\/h2>\n\n\n\n<figure class=\"wp-block-image aligncenter size-full has-custom-border is-style-rounded wp-duotone-unset-3 is-style-rounded--2\"><img loading=\"lazy\" decoding=\"async\" width=\"640\" height=\"480\" src=\"http:\/\/www.planteaingenieria.com\/wp-content\/uploads\/2024\/10\/Venus-Laser-RTK.jpg\" alt=\"\" class=\"wp-image-36\" style=\"border-style:none;border-width:0px;border-radius:100px\" srcset=\"https:\/\/www.planteaingenieria.com\/wp-content\/uploads\/2024\/10\/Venus-Laser-RTK.jpg 640w, https:\/\/www.planteaingenieria.com\/wp-content\/uploads\/2024\/10\/Venus-Laser-RTK-300x225.jpg 300w\" sizes=\"auto, (max-width: 640px) 100vw, 640px\" \/><\/figure>\n\n\n\n<div class=\"wp-block-group alignfull is-horizontal is-content-justification-center is-nowrap is-layout-flex wp-container-core-group-is-layout-6475999e wp-block-group-is-layout-flex\" style=\"margin-top:0;margin-bottom:0;padding-top:var(--wp--preset--spacing--10);padding-right:var(--wp--preset--spacing--60);padding-bottom:var(--wp--preset--spacing--10);padding-left:var(--wp--preset--spacing--60)\">\n<div class=\"wp-block-group is-vertical is-layout-flex wp-container-core-group-is-layout-fe9cc265 wp-block-group-is-layout-flex\">\n<p class=\"has-text-align-left\" style=\"padding-top:var(--wp--preset--spacing--10);padding-right:300px;padding-bottom:var(--wp--preset--spacing--10);padding-left:300px;font-size:clamp(0.875rem, 0.875rem + ((1vw - 0.2rem) * 0.458), 1.15rem);\">We have updated our topographic equipment to continue offering the best quality and efficiency in our work. Our firm has acquired a SinoGNSS VENUS LASER RTK GPS\/GNSS receiver. This is a state-of-the-art GNSS signal receiver with 1,590 channels and tracking capabilities for over 50 satellites. It supports all planned and operational constellations, including GPS, BDS-2, BDS-3, GLONASS, Galileo, QZSS, and SBAS, which will greatly enhance our field surveying and mapping work. With this device, we can obtain real-time positioning corrections, allowing us to achieve positional accuracy of up to 5 mm horizontally and 10 mm vertically when capturing data points.<\/p>\n<\/div>\n<\/div>\n\n\n\n<div class=\"wp-block-wavy-wavy-divider alignfull has-background\" style=\"background-color:#418a6b\"><svg fill=\"none\" role=\"separator\" viewbox=\"0 0 100 295\" preserveaspectratio=\"none\" aria-orientation=\"horizontal\" aria-hidden=\"true\" style=\"height:300px;width:100%;display:block\"><path style=\"transition:all .5s ease;opacity:1\" fill=\"#418a6b\" d=\"M 0,180 L 17,204 L 33,255 L 50,222 L 67,180 L 83,159 L 100,84 V 300 H 0 Z\"><\/path><\/svg><\/div>","protected":false},"excerpt":{"rendered":"<p>Plantea Ingenier\u00eda Agron\u00f3mica es un estudio de ingenier\u00eda especializado en ingenier\u00eda, rural, medioambiental y agroalimentaria, con sede en Tenerife (Islas Canarias). Realizamos trabajos de consultor\u00eda, asesoria y asistencia t\u00e9cnica para particulares, empresas y entidades vinculadas al sector agrario, agroalimentario y\/o medioambiental. En Plantea Ingenier\u00eda tenemos un equipo joven, din\u00e1mico e innovador, que ha ido sumando [&hellip;]<\/p>","protected":false},"author":1,"featured_media":42,"parent":0,"menu_order":0,"comment_status":"closed","ping_status":"closed","template":"plantea","meta":{"footnotes":""},"class_list":["post-34","page","type-page","status-publish","has-post-thumbnail","hentry"],"_links":{"self":[{"href":"https:\/\/www.planteaingenieria.com\/en\/wp-json\/wp\/v2\/pages\/34","targetHints":{"allow":["GET"]}}],"collection":[{"href":"https:\/\/www.planteaingenieria.com\/en\/wp-json\/wp\/v2\/pages"}],"about":[{"href":"https:\/\/www.planteaingenieria.com\/en\/wp-json\/wp\/v2\/types\/page"}],"author":[{"embeddable":true,"href":"https:\/\/www.planteaingenieria.com\/en\/wp-json\/wp\/v2\/users\/1"}],"replies":[{"embeddable":true,"href":"https:\/\/www.planteaingenieria.com\/en\/wp-json\/wp\/v2\/comments?post=34"}],"version-history":[{"count":0,"href":"https:\/\/www.planteaingenieria.com\/en\/wp-json\/wp\/v2\/pages\/34\/revisions"}],"wp:featuredmedia":[{"embeddable":true,"href":"https:\/\/www.planteaingenieria.com\/en\/wp-json\/wp\/v2\/media\/42"}],"wp:attachment":[{"href":"https:\/\/www.planteaingenieria.com\/en\/wp-json\/wp\/v2\/media?parent=34"}],"curies":[{"name":"wp","href":"https:\/\/api.w.org\/{rel}","templated":true}]}}