{"id":305,"date":"2024-10-02T12:41:20","date_gmt":"2024-10-02T10:41:20","guid":{"rendered":"http:\/\/www.planteaingenieria.com\/?page_id=305"},"modified":"2024-10-03T15:17:16","modified_gmt":"2024-10-03T13:17:16","slug":"proyecto-10","status":"publish","type":"page","link":"http:\/\/www.planteaingenieria.com\/en\/proyecto-10\/","title":{"rendered":"Topographic work for the establishment of a 34 MW photovoltaic solar power plant in the municipality of Arico."},"content":{"rendered":"<p style=\"font-size:clamp(0.875rem, 0.875rem + ((1vw - 0.2rem) * 0.458), 1.15rem);\"><strong>Project: <\/strong>Topographic work for the establishment of a 34 MW photovoltaic solar power plant in the municipality of Arico.<\/p>\n\n\n\n<p style=\"font-size:clamp(0.875rem, 0.875rem + ((1vw - 0.2rem) * 0.458), 1.15rem);\"><strong>Promoter: <\/strong>Seifferman Energias Renovables<\/p>\n\n\n\n<p style=\"font-size:clamp(0.875rem, 0.875rem + ((1vw - 0.2rem) * 0.458), 1.15rem);\"><strong>Year: <\/strong>2008<\/p>\n\n\n\n<p style=\"font-size:clamp(0.875rem, 0.875rem + ((1vw - 0.2rem) * 0.458), 1.15rem);\"><strong>Descripcion: <\/strong>The necessary operations were carried out to redefine the boundaries of the site for a photovoltaic solar power plant of approximately 287,000 m\u00b2. Both office and fieldwork were conducted to calculate the earth movements required to form terrain platforms with a North-South inclination and a slope of less than 10%, optimal for capturing solar light.<\/p>\n\n\n\n<figure class=\"wp-block-image aligncenter size-large is-resized\"><img loading=\"lazy\" decoding=\"async\" width=\"1024\" height=\"768\" src=\"http:\/\/www.planteaingenieria.com\/wp-content\/uploads\/2024\/10\/DSCF0041-1024x768.jpg\" alt=\"\" class=\"wp-image-729\" style=\"width:940px\" srcset=\"http:\/\/www.planteaingenieria.com\/wp-content\/uploads\/2024\/10\/DSCF0041-1024x768.jpg 1024w, http:\/\/www.planteaingenieria.com\/wp-content\/uploads\/2024\/10\/DSCF0041-300x225.jpg 300w, http:\/\/www.planteaingenieria.com\/wp-content\/uploads\/2024\/10\/DSCF0041-768x576.jpg 768w, http:\/\/www.planteaingenieria.com\/wp-content\/uploads\/2024\/10\/DSCF0041-1536x1152.jpg 1536w, http:\/\/www.planteaingenieria.com\/wp-content\/uploads\/2024\/10\/DSCF0041.jpg 1600w\" sizes=\"auto, (max-width: 1024px) 100vw, 1024px\" \/><\/figure>\n\n\n\n<figure class=\"wp-block-image aligncenter size-large is-resized\"><img loading=\"lazy\" decoding=\"async\" width=\"1024\" height=\"487\" src=\"http:\/\/www.planteaingenieria.com\/wp-content\/uploads\/2024\/10\/6-1024x487.jpg\" alt=\"\" class=\"wp-image-730\" style=\"width:940px\" srcset=\"http:\/\/www.planteaingenieria.com\/wp-content\/uploads\/2024\/10\/6-1024x487.jpg 1024w, http:\/\/www.planteaingenieria.com\/wp-content\/uploads\/2024\/10\/6-300x143.jpg 300w, http:\/\/www.planteaingenieria.com\/wp-content\/uploads\/2024\/10\/6-768x365.jpg 768w, http:\/\/www.planteaingenieria.com\/wp-content\/uploads\/2024\/10\/6-1536x731.jpg 1536w, http:\/\/www.planteaingenieria.com\/wp-content\/uploads\/2024\/10\/6.jpg 1598w\" sizes=\"auto, (max-width: 1024px) 100vw, 1024px\" \/><\/figure>\n\n\n\n<figure class=\"wp-block-image aligncenter size-large is-resized\"><img loading=\"lazy\" decoding=\"async\" width=\"1024\" height=\"487\" src=\"http:\/\/www.planteaingenieria.com\/wp-content\/uploads\/2024\/10\/5-1-1024x487.jpg\" alt=\"\" class=\"wp-image-731\" style=\"width:940px\" srcset=\"http:\/\/www.planteaingenieria.com\/wp-content\/uploads\/2024\/10\/5-1-1024x487.jpg 1024w, http:\/\/www.planteaingenieria.com\/wp-content\/uploads\/2024\/10\/5-1-300x143.jpg 300w, http:\/\/www.planteaingenieria.com\/wp-content\/uploads\/2024\/10\/5-1-768x365.jpg 768w, http:\/\/www.planteaingenieria.com\/wp-content\/uploads\/2024\/10\/5-1-1536x731.jpg 1536w, http:\/\/www.planteaingenieria.com\/wp-content\/uploads\/2024\/10\/5-1.jpg 1598w\" sizes=\"auto, (max-width: 1024px) 100vw, 1024px\" \/><\/figure>\n\n\n\n<figure class=\"wp-block-image aligncenter size-large is-resized\"><img loading=\"lazy\" decoding=\"async\" width=\"1024\" height=\"487\" src=\"http:\/\/www.planteaingenieria.com\/wp-content\/uploads\/2024\/10\/1-1024x487.jpg\" alt=\"\" class=\"wp-image-732\" style=\"width:940px\" srcset=\"http:\/\/www.planteaingenieria.com\/wp-content\/uploads\/2024\/10\/1-1024x487.jpg 1024w, http:\/\/www.planteaingenieria.com\/wp-content\/uploads\/2024\/10\/1-300x143.jpg 300w, http:\/\/www.planteaingenieria.com\/wp-content\/uploads\/2024\/10\/1-768x365.jpg 768w, http:\/\/www.planteaingenieria.com\/wp-content\/uploads\/2024\/10\/1-1536x731.jpg 1536w, http:\/\/www.planteaingenieria.com\/wp-content\/uploads\/2024\/10\/1.jpg 1598w\" sizes=\"auto, (max-width: 1024px) 100vw, 1024px\" \/><\/figure>","protected":false},"excerpt":{"rendered":"<p>Proyecto: Trabajos topogr\u00e1ficos para establecimiento Planta de Energia Solar Fotovoltaica de 34 MW. T.M. de Arico. Promotor: Seifferman Energias Renovables A\u00f1o: 2008 Descripcion: Se realizaron las operaciones necesarias para el replanteo de los l\u00edmites de la parcela de ubicac\u00edon, de la una planta de energia solar fotovolta\u00edca de aproximadamente 287.000 m2. Tambien se realiz\u00f3 el [&hellip;]<\/p>","protected":false},"author":1,"featured_media":0,"parent":0,"menu_order":0,"comment_status":"closed","ping_status":"closed","template":"wp-custom-template-proyecto","meta":{"footnotes":""},"class_list":["post-305","page","type-page","status-publish","hentry"],"_links":{"self":[{"href":"http:\/\/www.planteaingenieria.com\/en\/wp-json\/wp\/v2\/pages\/305","targetHints":{"allow":["GET"]}}],"collection":[{"href":"http:\/\/www.planteaingenieria.com\/en\/wp-json\/wp\/v2\/pages"}],"about":[{"href":"http:\/\/www.planteaingenieria.com\/en\/wp-json\/wp\/v2\/types\/page"}],"author":[{"embeddable":true,"href":"http:\/\/www.planteaingenieria.com\/en\/wp-json\/wp\/v2\/users\/1"}],"replies":[{"embeddable":true,"href":"http:\/\/www.planteaingenieria.com\/en\/wp-json\/wp\/v2\/comments?post=305"}],"version-history":[{"count":0,"href":"http:\/\/www.planteaingenieria.com\/en\/wp-json\/wp\/v2\/pages\/305\/revisions"}],"wp:attachment":[{"href":"http:\/\/www.planteaingenieria.com\/en\/wp-json\/wp\/v2\/media?parent=305"}],"curies":[{"name":"wp","href":"https:\/\/api.w.org\/{rel}","templated":true}]}}