{"id":303,"date":"2024-10-02T12:41:39","date_gmt":"2024-10-02T10:41:39","guid":{"rendered":"http:\/\/www.planteaingenieria.com\/?page_id=303"},"modified":"2024-10-03T15:17:29","modified_gmt":"2024-10-03T13:17:29","slug":"proyecto-9","status":"publish","type":"page","link":"http:\/\/www.planteaingenieria.com\/en\/proyecto-9\/","title":{"rendered":"Technological, productive, and sanitary improvement project for the Gran Canaria Island Slaughterhouse."},"content":{"rendered":"<p style=\"font-size:clamp(0.875rem, 0.875rem + ((1vw - 0.2rem) * 0.458), 1.15rem);\"><strong>Project: <\/strong>Technological, productive, and sanitary improvement project for the Gran Canaria Island Slaughterhouse. (Las Palmas de Gran Canaria)<\/p>\n\n\n\n<p style=\"font-size:clamp(0.875rem, 0.875rem + ((1vw - 0.2rem) * 0.458), 1.15rem);\"><strong>Year: <\/strong>2005-2007<\/p>\n\n\n\n<p style=\"font-size:clamp(0.875rem, 0.875rem + ((1vw - 0.2rem) * 0.458), 1.15rem);\"><strong>Promoter: <\/strong>Cabildo Insular de Gran Canaria<\/p>\n\n\n\n<p style=\"font-size:clamp(0.875rem, 0.875rem + ((1vw - 0.2rem) * 0.458), 1.15rem);\"><strong>Description: <\/strong>This project involves the improvement and modernization of the Gran Canaria Island Slaughterhouse facilities. The project includes the expansion and renovation of structures and buildings, the acquisition of machinery to enhance slaughter lines and waste management, and the construction of a treatment plant. The project was carried out by the company GEI-2A (European Group of Food and Environmental Engineering), with on-site engineering collaboration from PLANTEA INGENIERIA.<\/p>\n\n\n\n<figure class=\"wp-block-image aligncenter size-large is-resized\"><img loading=\"lazy\" decoding=\"async\" width=\"1024\" height=\"487\" src=\"http:\/\/www.planteaingenieria.com\/wp-content\/uploads\/2024\/10\/migc-1-1024x487.jpg\" alt=\"\" class=\"wp-image-734\" style=\"width:940px\" srcset=\"http:\/\/www.planteaingenieria.com\/wp-content\/uploads\/2024\/10\/migc-1-1024x487.jpg 1024w, http:\/\/www.planteaingenieria.com\/wp-content\/uploads\/2024\/10\/migc-1-300x143.jpg 300w, http:\/\/www.planteaingenieria.com\/wp-content\/uploads\/2024\/10\/migc-1-768x365.jpg 768w, http:\/\/www.planteaingenieria.com\/wp-content\/uploads\/2024\/10\/migc-1-1536x731.jpg 1536w, http:\/\/www.planteaingenieria.com\/wp-content\/uploads\/2024\/10\/migc-1.jpg 1598w\" sizes=\"auto, (max-width: 1024px) 100vw, 1024px\" \/><\/figure>\n\n\n\n<figure class=\"wp-block-image aligncenter size-large is-resized\"><img loading=\"lazy\" decoding=\"async\" width=\"1024\" height=\"768\" src=\"http:\/\/www.planteaingenieria.com\/wp-content\/uploads\/2024\/10\/migc-3-1024x768.jpg\" alt=\"\" class=\"wp-image-735\" style=\"width:940px\" srcset=\"http:\/\/www.planteaingenieria.com\/wp-content\/uploads\/2024\/10\/migc-3-1024x768.jpg 1024w, http:\/\/www.planteaingenieria.com\/wp-content\/uploads\/2024\/10\/migc-3-300x225.jpg 300w, http:\/\/www.planteaingenieria.com\/wp-content\/uploads\/2024\/10\/migc-3-768x576.jpg 768w, http:\/\/www.planteaingenieria.com\/wp-content\/uploads\/2024\/10\/migc-3-1536x1152.jpg 1536w, http:\/\/www.planteaingenieria.com\/wp-content\/uploads\/2024\/10\/migc-3.jpg 1600w\" sizes=\"auto, (max-width: 1024px) 100vw, 1024px\" \/><\/figure>\n\n\n\n<figure class=\"wp-block-image aligncenter size-large is-resized\"><img loading=\"lazy\" decoding=\"async\" width=\"1024\" height=\"768\" src=\"http:\/\/www.planteaingenieria.com\/wp-content\/uploads\/2024\/10\/migc-2-1024x768.jpg\" alt=\"\" class=\"wp-image-736\" style=\"width:940px\" srcset=\"http:\/\/www.planteaingenieria.com\/wp-content\/uploads\/2024\/10\/migc-2-1024x768.jpg 1024w, http:\/\/www.planteaingenieria.com\/wp-content\/uploads\/2024\/10\/migc-2-300x225.jpg 300w, http:\/\/www.planteaingenieria.com\/wp-content\/uploads\/2024\/10\/migc-2-768x576.jpg 768w, http:\/\/www.planteaingenieria.com\/wp-content\/uploads\/2024\/10\/migc-2.jpg 1280w\" sizes=\"auto, (max-width: 1024px) 100vw, 1024px\" \/><\/figure>","protected":false},"excerpt":{"rendered":"<p>Proyecto: Proyecto de Mejoras tecnol\u00f3gicas, productivas y sanitarias del Matadero Insular de Gran Canaria. (Las Palmas de Gran Canaria) A\u00f1o: 2005-2007 Promotor: Cabildo Insular de Gran Canaria Descripci\u00f3n: Se trata de un proyecto para mejora y modernizacion de las instalaciones del Matadero Insular de Gran Canaria, el proyecto conteMpla desde la ampliacion y reforma de [&hellip;]<\/p>","protected":false},"author":1,"featured_media":0,"parent":0,"menu_order":0,"comment_status":"closed","ping_status":"closed","template":"wp-custom-template-proyecto","meta":{"footnotes":""},"class_list":["post-303","page","type-page","status-publish","hentry"],"_links":{"self":[{"href":"http:\/\/www.planteaingenieria.com\/en\/wp-json\/wp\/v2\/pages\/303","targetHints":{"allow":["GET"]}}],"collection":[{"href":"http:\/\/www.planteaingenieria.com\/en\/wp-json\/wp\/v2\/pages"}],"about":[{"href":"http:\/\/www.planteaingenieria.com\/en\/wp-json\/wp\/v2\/types\/page"}],"author":[{"embeddable":true,"href":"http:\/\/www.planteaingenieria.com\/en\/wp-json\/wp\/v2\/users\/1"}],"replies":[{"embeddable":true,"href":"http:\/\/www.planteaingenieria.com\/en\/wp-json\/wp\/v2\/comments?post=303"}],"version-history":[{"count":0,"href":"http:\/\/www.planteaingenieria.com\/en\/wp-json\/wp\/v2\/pages\/303\/revisions"}],"wp:attachment":[{"href":"http:\/\/www.planteaingenieria.com\/en\/wp-json\/wp\/v2\/media?parent=303"}],"curies":[{"name":"wp","href":"https:\/\/api.w.org\/{rel}","templated":true}]}}