{"id":301,"date":"2024-10-02T12:42:08","date_gmt":"2024-10-02T10:42:08","guid":{"rendered":"http:\/\/www.planteaingenieria.com\/?page_id=301"},"modified":"2024-10-03T15:17:42","modified_gmt":"2024-10-03T13:17:42","slug":"proyecto-8","status":"publish","type":"page","link":"http:\/\/www.planteaingenieria.com\/en\/proyecto-8\/","title":{"rendered":"Conditioning of the Northern Coastal Trail PR TF-30, as it passes through the municipality of La Orotava."},"content":{"rendered":"<p style=\"font-size:clamp(0.875rem, 0.875rem + ((1vw - 0.2rem) * 0.458), 1.15rem);\"><strong>Project:<\/strong> Acondiconamiento del Sendero Costero Norte PR TF-30, a su paso por el T.M. de La Orotava.<\/p>\n\n\n\n<p style=\"font-size:clamp(0.875rem, 0.875rem + ((1vw - 0.2rem) * 0.458), 1.15rem);\"><strong>Year: <\/strong>2009<\/p>\n\n\n\n<p style=\"font-size:clamp(0.875rem, 0.875rem + ((1vw - 0.2rem) * 0.458), 1.15rem);\"><strong>Promoter:<\/strong> Cabildo Insular de Tenerife<\/p>\n\n\n\n<p style=\"font-size:clamp(0.875rem, 0.875rem + ((1vw - 0.2rem) * 0.458), 1.15rem);\"><strong>Description:<\/strong> Execution project for one of the most important sections of the Northern Coastal Trail PR TF-30. This ambitious project involves opening a trail nearly 3 km long along the cliffs of the beaches of Bollullo, Los Patos, and El Anc\u00f3n, creating an open balcony to the sea, and improving access to the three beaches. The project also includes the enhancement and creation of an access road for emergency vehicles to the head of Bollullo Beach.<\/p>\n\n\n\n<figure class=\"wp-block-image aligncenter size-full is-resized\"><img loading=\"lazy\" decoding=\"async\" width=\"940\" height=\"519\" src=\"http:\/\/www.planteaingenieria.com\/wp-content\/uploads\/2024\/10\/sendero_costero_norte_0001.jpg\" alt=\"\" class=\"wp-image-101\" style=\"width:940px\" srcset=\"http:\/\/www.planteaingenieria.com\/wp-content\/uploads\/2024\/10\/sendero_costero_norte_0001.jpg 940w, http:\/\/www.planteaingenieria.com\/wp-content\/uploads\/2024\/10\/sendero_costero_norte_0001-300x166.jpg 300w, http:\/\/www.planteaingenieria.com\/wp-content\/uploads\/2024\/10\/sendero_costero_norte_0001-768x424.jpg 768w\" sizes=\"auto, (max-width: 940px) 100vw, 940px\" \/><\/figure>\n\n\n\n<figure class=\"wp-block-image aligncenter size-full is-resized\"><img loading=\"lazy\" decoding=\"async\" width=\"940\" height=\"654\" src=\"http:\/\/www.planteaingenieria.com\/wp-content\/uploads\/2024\/10\/sendero_costero_norte_0002.jpg\" alt=\"\" class=\"wp-image-103\" style=\"width:940px\" srcset=\"http:\/\/www.planteaingenieria.com\/wp-content\/uploads\/2024\/10\/sendero_costero_norte_0002.jpg 940w, http:\/\/www.planteaingenieria.com\/wp-content\/uploads\/2024\/10\/sendero_costero_norte_0002-300x209.jpg 300w, http:\/\/www.planteaingenieria.com\/wp-content\/uploads\/2024\/10\/sendero_costero_norte_0002-768x534.jpg 768w\" sizes=\"auto, (max-width: 940px) 100vw, 940px\" \/><\/figure>\n\n\n\n<figure class=\"wp-block-image aligncenter size-full is-resized\"><img loading=\"lazy\" decoding=\"async\" width=\"940\" height=\"613\" src=\"http:\/\/www.planteaingenieria.com\/wp-content\/uploads\/2024\/10\/sendero_costero_norte_0003.jpg\" alt=\"\" class=\"wp-image-104\" style=\"width:940px\" srcset=\"http:\/\/www.planteaingenieria.com\/wp-content\/uploads\/2024\/10\/sendero_costero_norte_0003.jpg 940w, http:\/\/www.planteaingenieria.com\/wp-content\/uploads\/2024\/10\/sendero_costero_norte_0003-300x196.jpg 300w, http:\/\/www.planteaingenieria.com\/wp-content\/uploads\/2024\/10\/sendero_costero_norte_0003-768x501.jpg 768w\" sizes=\"auto, (max-width: 940px) 100vw, 940px\" \/><\/figure>\n\n\n\n<figure class=\"wp-block-image aligncenter size-full is-resized\"><img loading=\"lazy\" decoding=\"async\" width=\"940\" height=\"667\" src=\"http:\/\/www.planteaingenieria.com\/wp-content\/uploads\/2024\/10\/sendero_costero_norte_0005.jpg\" alt=\"\" class=\"wp-image-106\" style=\"width:940px\" srcset=\"http:\/\/www.planteaingenieria.com\/wp-content\/uploads\/2024\/10\/sendero_costero_norte_0005.jpg 940w, http:\/\/www.planteaingenieria.com\/wp-content\/uploads\/2024\/10\/sendero_costero_norte_0005-300x213.jpg 300w, http:\/\/www.planteaingenieria.com\/wp-content\/uploads\/2024\/10\/sendero_costero_norte_0005-768x545.jpg 768w\" sizes=\"auto, (max-width: 940px) 100vw, 940px\" \/><\/figure>\n\n\n\n<figure class=\"wp-block-image aligncenter size-full is-resized\"><img loading=\"lazy\" decoding=\"async\" width=\"940\" height=\"663\" src=\"http:\/\/www.planteaingenieria.com\/wp-content\/uploads\/2024\/10\/sendero_costero_norte_0006.jpg\" alt=\"\" class=\"wp-image-107\" style=\"width:940px\" srcset=\"http:\/\/www.planteaingenieria.com\/wp-content\/uploads\/2024\/10\/sendero_costero_norte_0006.jpg 940w, http:\/\/www.planteaingenieria.com\/wp-content\/uploads\/2024\/10\/sendero_costero_norte_0006-300x212.jpg 300w, http:\/\/www.planteaingenieria.com\/wp-content\/uploads\/2024\/10\/sendero_costero_norte_0006-768x542.jpg 768w\" sizes=\"auto, (max-width: 940px) 100vw, 940px\" \/><\/figure>\n\n\n\n<figure class=\"wp-block-image aligncenter size-full is-resized\"><img loading=\"lazy\" decoding=\"async\" width=\"940\" height=\"661\" src=\"http:\/\/www.planteaingenieria.com\/wp-content\/uploads\/2024\/10\/sendero_costero_norte_0007.jpg\" alt=\"\" class=\"wp-image-108\" style=\"width:940px\" srcset=\"http:\/\/www.planteaingenieria.com\/wp-content\/uploads\/2024\/10\/sendero_costero_norte_0007.jpg 940w, http:\/\/www.planteaingenieria.com\/wp-content\/uploads\/2024\/10\/sendero_costero_norte_0007-300x211.jpg 300w, http:\/\/www.planteaingenieria.com\/wp-content\/uploads\/2024\/10\/sendero_costero_norte_0007-768x540.jpg 768w\" sizes=\"auto, (max-width: 940px) 100vw, 940px\" \/><\/figure>\n\n\n\n<figure class=\"wp-block-image aligncenter size-full is-resized\"><img loading=\"lazy\" decoding=\"async\" width=\"940\" height=\"677\" src=\"http:\/\/www.planteaingenieria.com\/wp-content\/uploads\/2024\/10\/sendero_costero_norte_0008.jpg\" alt=\"\" class=\"wp-image-48\" style=\"width:940px\" srcset=\"http:\/\/www.planteaingenieria.com\/wp-content\/uploads\/2024\/10\/sendero_costero_norte_0008.jpg 940w, http:\/\/www.planteaingenieria.com\/wp-content\/uploads\/2024\/10\/sendero_costero_norte_0008-300x216.jpg 300w, http:\/\/www.planteaingenieria.com\/wp-content\/uploads\/2024\/10\/sendero_costero_norte_0008-768x553.jpg 768w\" sizes=\"auto, (max-width: 940px) 100vw, 940px\" \/><\/figure>","protected":false},"excerpt":{"rendered":"<p>Proyecto: Acondiconamiento del Sendero Costero Norte PR TF-30, a su paso por el T.M. de La Orotava. A\u00f1o: 2009 Promotor: Cabildo Insular de Tenerife Descripci\u00f3n: Proyecto de ejecuci\u00f3n de uno los tramos m\u00e1s importantes del Sendero costero norte PR TF-30. Ambicioso proyecto en el que se debe abrir la traza de un sendero de casi [&hellip;]<\/p>","protected":false},"author":1,"featured_media":0,"parent":0,"menu_order":0,"comment_status":"closed","ping_status":"closed","template":"wp-custom-template-proyecto","meta":{"footnotes":""},"class_list":["post-301","page","type-page","status-publish","hentry"],"_links":{"self":[{"href":"http:\/\/www.planteaingenieria.com\/en\/wp-json\/wp\/v2\/pages\/301","targetHints":{"allow":["GET"]}}],"collection":[{"href":"http:\/\/www.planteaingenieria.com\/en\/wp-json\/wp\/v2\/pages"}],"about":[{"href":"http:\/\/www.planteaingenieria.com\/en\/wp-json\/wp\/v2\/types\/page"}],"author":[{"embeddable":true,"href":"http:\/\/www.planteaingenieria.com\/en\/wp-json\/wp\/v2\/users\/1"}],"replies":[{"embeddable":true,"href":"http:\/\/www.planteaingenieria.com\/en\/wp-json\/wp\/v2\/comments?post=301"}],"version-history":[{"count":0,"href":"http:\/\/www.planteaingenieria.com\/en\/wp-json\/wp\/v2\/pages\/301\/revisions"}],"wp:attachment":[{"href":"http:\/\/www.planteaingenieria.com\/en\/wp-json\/wp\/v2\/media?parent=301"}],"curies":[{"name":"wp","href":"https:\/\/api.w.org\/{rel}","templated":true}]}}