{"id":297,"date":"2024-10-02T12:42:46","date_gmt":"2024-10-02T10:42:46","guid":{"rendered":"http:\/\/www.planteaingenieria.com\/?page_id=297"},"modified":"2024-10-03T15:11:05","modified_gmt":"2024-10-03T13:11:05","slug":"proyecto-6","status":"publish","type":"page","link":"http:\/\/www.planteaingenieria.com\/en\/proyecto-6\/","title":{"rendered":"Modified Project for the Improvement and Paving of the Camino de los Llanos del Portezuelo. Tegueste"},"content":{"rendered":"<p style=\"font-size:clamp(0.875rem, 0.875rem + ((1vw - 0.2rem) * 0.458), 1.15rem);\"><strong>Project: <\/strong>Modified Project for the Improvement and Paving of the Camino de los Llanos del Portezuelo. Tegueste<\/p>\n\n\n\n<p style=\"font-size:clamp(0.875rem, 0.875rem + ((1vw - 0.2rem) * 0.458), 1.15rem);\"><strong>Year:<\/strong> 2009<\/p>\n\n\n\n<p style=\"font-size:clamp(0.875rem, 0.875rem + ((1vw - 0.2rem) * 0.458), 1.15rem);\"><strong>Promoter:<\/strong> Cabildo Insular de Tenerife.<\/p>\n\n\n\n<p style=\"font-size:clamp(0.875rem, 0.875rem + ((1vw - 0.2rem) * 0.458), 1.15rem);\"><strong>Description:<\/strong> Project and management of works for the improvement and paving of an agricultural road in one of the best viticultural areas of Tenerife. The project faced the challenge of preventing the degradation of part of the road due to its proximity to a ravine, necessitating the construction of retaining walls up to 7.20 m high for support. Landscape integration was considered in the choice of colored mass concrete pavement and the use of basalt stone in the protective elements of the road, among other features.<\/p>\n\n\n\n<figure class=\"wp-block-image aligncenter size-full is-resized\"><img loading=\"lazy\" decoding=\"async\" width=\"940\" height=\"659\" src=\"http:\/\/www.planteaingenieria.com\/wp-content\/uploads\/2024\/10\/df_losllanos_portezuelo_0001.jpg\" alt=\"\" class=\"wp-image-66\" style=\"width:940px\" srcset=\"http:\/\/www.planteaingenieria.com\/wp-content\/uploads\/2024\/10\/df_losllanos_portezuelo_0001.jpg 940w, http:\/\/www.planteaingenieria.com\/wp-content\/uploads\/2024\/10\/df_losllanos_portezuelo_0001-300x210.jpg 300w, http:\/\/www.planteaingenieria.com\/wp-content\/uploads\/2024\/10\/df_losllanos_portezuelo_0001-768x538.jpg 768w\" sizes=\"auto, (max-width: 940px) 100vw, 940px\" \/><\/figure>\n\n\n\n<figure class=\"wp-block-image aligncenter size-full is-resized\"><img loading=\"lazy\" decoding=\"async\" width=\"940\" height=\"662\" src=\"http:\/\/www.planteaingenieria.com\/wp-content\/uploads\/2024\/10\/df_losllanos_portezuelo_0002.jpg\" alt=\"\" class=\"wp-image-67\" style=\"width:940px\" srcset=\"http:\/\/www.planteaingenieria.com\/wp-content\/uploads\/2024\/10\/df_losllanos_portezuelo_0002.jpg 940w, http:\/\/www.planteaingenieria.com\/wp-content\/uploads\/2024\/10\/df_losllanos_portezuelo_0002-300x211.jpg 300w, http:\/\/www.planteaingenieria.com\/wp-content\/uploads\/2024\/10\/df_losllanos_portezuelo_0002-768x541.jpg 768w\" sizes=\"auto, (max-width: 940px) 100vw, 940px\" \/><\/figure>\n\n\n\n<figure class=\"wp-block-image aligncenter size-full is-resized\"><img loading=\"lazy\" decoding=\"async\" width=\"940\" height=\"664\" src=\"http:\/\/www.planteaingenieria.com\/wp-content\/uploads\/2024\/10\/df_losllanos_portezuelo_0003.jpg\" alt=\"\" class=\"wp-image-68\" style=\"width:940px\" srcset=\"http:\/\/www.planteaingenieria.com\/wp-content\/uploads\/2024\/10\/df_losllanos_portezuelo_0003.jpg 940w, http:\/\/www.planteaingenieria.com\/wp-content\/uploads\/2024\/10\/df_losllanos_portezuelo_0003-300x212.jpg 300w, http:\/\/www.planteaingenieria.com\/wp-content\/uploads\/2024\/10\/df_losllanos_portezuelo_0003-768x543.jpg 768w\" sizes=\"auto, (max-width: 940px) 100vw, 940px\" \/><\/figure>\n\n\n\n<figure class=\"wp-block-image aligncenter size-full is-resized\"><img loading=\"lazy\" decoding=\"async\" width=\"940\" height=\"591\" src=\"http:\/\/www.planteaingenieria.com\/wp-content\/uploads\/2024\/10\/df_losllanos_portezuelo_0004.jpg\" alt=\"\" class=\"wp-image-69\" style=\"width:940px\" srcset=\"http:\/\/www.planteaingenieria.com\/wp-content\/uploads\/2024\/10\/df_losllanos_portezuelo_0004.jpg 940w, http:\/\/www.planteaingenieria.com\/wp-content\/uploads\/2024\/10\/df_losllanos_portezuelo_0004-300x189.jpg 300w, http:\/\/www.planteaingenieria.com\/wp-content\/uploads\/2024\/10\/df_losllanos_portezuelo_0004-768x483.jpg 768w\" sizes=\"auto, (max-width: 940px) 100vw, 940px\" \/><\/figure>\n\n\n\n<figure class=\"wp-block-image aligncenter size-full is-resized\"><img loading=\"lazy\" decoding=\"async\" width=\"940\" height=\"634\" src=\"http:\/\/www.planteaingenieria.com\/wp-content\/uploads\/2024\/10\/df_losllanos_portezuelo_0005.jpg\" alt=\"\" class=\"wp-image-71\" style=\"width:940px\" srcset=\"http:\/\/www.planteaingenieria.com\/wp-content\/uploads\/2024\/10\/df_losllanos_portezuelo_0005.jpg 940w, http:\/\/www.planteaingenieria.com\/wp-content\/uploads\/2024\/10\/df_losllanos_portezuelo_0005-300x202.jpg 300w, http:\/\/www.planteaingenieria.com\/wp-content\/uploads\/2024\/10\/df_losllanos_portezuelo_0005-768x518.jpg 768w\" sizes=\"auto, (max-width: 940px) 100vw, 940px\" \/><\/figure>\n\n\n\n<figure class=\"wp-block-image aligncenter size-full is-resized\"><img loading=\"lazy\" decoding=\"async\" width=\"940\" height=\"566\" src=\"http:\/\/www.planteaingenieria.com\/wp-content\/uploads\/2024\/10\/df_losllanos_portezuelo_0006.jpg\" alt=\"\" class=\"wp-image-72\" style=\"width:940px\" srcset=\"http:\/\/www.planteaingenieria.com\/wp-content\/uploads\/2024\/10\/df_losllanos_portezuelo_0006.jpg 940w, http:\/\/www.planteaingenieria.com\/wp-content\/uploads\/2024\/10\/df_losllanos_portezuelo_0006-300x181.jpg 300w, http:\/\/www.planteaingenieria.com\/wp-content\/uploads\/2024\/10\/df_losllanos_portezuelo_0006-768x462.jpg 768w\" sizes=\"auto, (max-width: 940px) 100vw, 940px\" \/><\/figure>\n\n\n\n<figure class=\"wp-block-image aligncenter size-full is-resized\"><img loading=\"lazy\" decoding=\"async\" width=\"940\" height=\"579\" src=\"http:\/\/www.planteaingenieria.com\/wp-content\/uploads\/2024\/10\/df_losllanos_portezuelo_0007.jpg\" alt=\"\" class=\"wp-image-73\" style=\"width:940px\" srcset=\"http:\/\/www.planteaingenieria.com\/wp-content\/uploads\/2024\/10\/df_losllanos_portezuelo_0007.jpg 940w, http:\/\/www.planteaingenieria.com\/wp-content\/uploads\/2024\/10\/df_losllanos_portezuelo_0007-300x185.jpg 300w, http:\/\/www.planteaingenieria.com\/wp-content\/uploads\/2024\/10\/df_losllanos_portezuelo_0007-768x473.jpg 768w\" sizes=\"auto, (max-width: 940px) 100vw, 940px\" \/><\/figure>\n\n\n\n<figure class=\"wp-block-image aligncenter size-full is-resized\"><img loading=\"lazy\" decoding=\"async\" width=\"940\" height=\"576\" src=\"http:\/\/www.planteaingenieria.com\/wp-content\/uploads\/2024\/10\/df_losllanos_portezuelo_0008.jpg\" alt=\"\" class=\"wp-image-74\" style=\"width:940px\" srcset=\"http:\/\/www.planteaingenieria.com\/wp-content\/uploads\/2024\/10\/df_losllanos_portezuelo_0008.jpg 940w, http:\/\/www.planteaingenieria.com\/wp-content\/uploads\/2024\/10\/df_losllanos_portezuelo_0008-300x184.jpg 300w, http:\/\/www.planteaingenieria.com\/wp-content\/uploads\/2024\/10\/df_losllanos_portezuelo_0008-768x471.jpg 768w\" sizes=\"auto, (max-width: 940px) 100vw, 940px\" \/><\/figure>\n\n\n\n<figure class=\"wp-block-image aligncenter size-full is-resized\"><img loading=\"lazy\" decoding=\"async\" width=\"940\" height=\"624\" src=\"http:\/\/www.planteaingenieria.com\/wp-content\/uploads\/2024\/10\/df_losllanos_portezuelo_0009.jpg\" alt=\"\" class=\"wp-image-75\" style=\"width:940px\" srcset=\"http:\/\/www.planteaingenieria.com\/wp-content\/uploads\/2024\/10\/df_losllanos_portezuelo_0009.jpg 940w, http:\/\/www.planteaingenieria.com\/wp-content\/uploads\/2024\/10\/df_losllanos_portezuelo_0009-300x199.jpg 300w, http:\/\/www.planteaingenieria.com\/wp-content\/uploads\/2024\/10\/df_losllanos_portezuelo_0009-768x510.jpg 768w\" sizes=\"auto, (max-width: 940px) 100vw, 940px\" \/><\/figure>\n\n\n\n<figure class=\"wp-block-image aligncenter size-full is-resized\"><img loading=\"lazy\" decoding=\"async\" width=\"940\" height=\"767\" src=\"http:\/\/www.planteaingenieria.com\/wp-content\/uploads\/2024\/10\/df_losllanos_portezuelo_0010.jpg\" alt=\"\" class=\"wp-image-76\" style=\"width:940px\" srcset=\"http:\/\/www.planteaingenieria.com\/wp-content\/uploads\/2024\/10\/df_losllanos_portezuelo_0010.jpg 940w, http:\/\/www.planteaingenieria.com\/wp-content\/uploads\/2024\/10\/df_losllanos_portezuelo_0010-300x245.jpg 300w, http:\/\/www.planteaingenieria.com\/wp-content\/uploads\/2024\/10\/df_losllanos_portezuelo_0010-768x627.jpg 768w\" sizes=\"auto, (max-width: 940px) 100vw, 940px\" \/><\/figure>","protected":false},"excerpt":{"rendered":"<p>Proyecto: Proyecto modificado de mejora y pavimentaci\u00f3n del camino de los LLanos del Portezuelo. Tegueste A\u00f1o: 2009 Promotor: Cabildo Insular de Tenerife. Descripci\u00f3n: Proyecto y direcci\u00f3n de obras para la mejora y pavimentaci\u00f3n de un camino agr\u00edcola en una de las mejores zona vit\u00edcolas de Tenerife. El proyecto presentaba el reto de evitar la degradaci\u00f3n [&hellip;]<\/p>","protected":false},"author":1,"featured_media":0,"parent":0,"menu_order":0,"comment_status":"closed","ping_status":"closed","template":"wp-custom-template-proyecto","meta":{"footnotes":""},"class_list":["post-297","page","type-page","status-publish","hentry"],"_links":{"self":[{"href":"http:\/\/www.planteaingenieria.com\/en\/wp-json\/wp\/v2\/pages\/297","targetHints":{"allow":["GET"]}}],"collection":[{"href":"http:\/\/www.planteaingenieria.com\/en\/wp-json\/wp\/v2\/pages"}],"about":[{"href":"http:\/\/www.planteaingenieria.com\/en\/wp-json\/wp\/v2\/types\/page"}],"author":[{"embeddable":true,"href":"http:\/\/www.planteaingenieria.com\/en\/wp-json\/wp\/v2\/users\/1"}],"replies":[{"embeddable":true,"href":"http:\/\/www.planteaingenieria.com\/en\/wp-json\/wp\/v2\/comments?post=297"}],"version-history":[{"count":0,"href":"http:\/\/www.planteaingenieria.com\/en\/wp-json\/wp\/v2\/pages\/297\/revisions"}],"wp:attachment":[{"href":"http:\/\/www.planteaingenieria.com\/en\/wp-json\/wp\/v2\/media?parent=297"}],"curies":[{"name":"wp","href":"https:\/\/api.w.org\/{rel}","templated":true}]}}