{"id":288,"date":"2024-10-02T12:38:31","date_gmt":"2024-10-02T10:38:31","guid":{"rendered":"http:\/\/www.planteaingenieria.com\/?page_id=288"},"modified":"2024-10-03T15:16:17","modified_gmt":"2024-10-03T13:16:17","slug":"proyecto-2","status":"publish","type":"page","link":"http:\/\/www.planteaingenieria.com\/en\/proyecto-2\/","title":{"rendered":"Preliminary Project for Balsa las Tiletas: Adduction and Distribution Network"},"content":{"rendered":"<p style=\"font-size:clamp(0.875rem, 0.875rem + ((1vw - 0.2rem) * 0.458), 1.15rem);\"><strong>Project:<\/strong> Preliminary Project for Balsa las Tiletas: Adduction and Distribution Network<\/p>\n\n\n\n<p style=\"font-size:clamp(0.875rem, 0.875rem + ((1vw - 0.2rem) * 0.458), 1.15rem);\"><strong>Year: <\/strong>2013<\/p>\n\n\n\n<p style=\"font-size:clamp(0.875rem, 0.875rem + ((1vw - 0.2rem) * 0.458), 1.15rem);\"><strong>Promoter:<\/strong> GOBIERNO DE CANARIAS,CONSEJERIA DE AGRICULTURA, GANADER\u00cdA Y PESCA<\/p>\n\n\n\n<p style=\"font-size:clamp(0.875rem, 0.875rem + ((1vw - 0.2rem) * 0.458), 1.15rem);\"><strong>Description: <\/strong>This is a preliminary project and study to improve the irrigation system for approximately 980 hectares of agricultural land in the municipality of Vilaflor and the high areas of the municipalities of Arona and San Miguel. Several alternatives have been considered, ranging from improving the distribution network of the Trevejos reservoir located in the area to the construction of a new reservoir with a capacity of 120,000 m\u00b3, preparing the preliminary project for three possible locations for this infrastructure.<\/p>\n\n\n\n<p style=\"font-size:clamp(0.875rem, 0.875rem + ((1vw - 0.2rem) * 0.458), 1.15rem);\">In the design of the reservoirs, in addition to the technical execution requirements, consideration has been given to promoting the landscape integration of the structures.<\/p>\n\n\n\n<figure class=\"wp-block-image aligncenter size-large is-resized\"><img loading=\"lazy\" decoding=\"async\" width=\"1024\" height=\"724\" src=\"http:\/\/www.planteaingenieria.com\/wp-content\/uploads\/2024\/10\/01.-SITUACION-1024x724.jpg\" alt=\"\" class=\"wp-image-715\" style=\"width:940px\" srcset=\"http:\/\/www.planteaingenieria.com\/wp-content\/uploads\/2024\/10\/01.-SITUACION-1024x724.jpg 1024w, http:\/\/www.planteaingenieria.com\/wp-content\/uploads\/2024\/10\/01.-SITUACION-300x212.jpg 300w, http:\/\/www.planteaingenieria.com\/wp-content\/uploads\/2024\/10\/01.-SITUACION-768x543.jpg 768w, http:\/\/www.planteaingenieria.com\/wp-content\/uploads\/2024\/10\/01.-SITUACION-1536x1086.jpg 1536w, http:\/\/www.planteaingenieria.com\/wp-content\/uploads\/2024\/10\/01.-SITUACION-2048x1448.jpg 2048w\" sizes=\"auto, (max-width: 1024px) 100vw, 1024px\" \/><\/figure>\n\n\n\n<figure class=\"wp-block-image aligncenter size-large is-resized\"><img loading=\"lazy\" decoding=\"async\" width=\"1024\" height=\"723\" src=\"http:\/\/www.planteaingenieria.com\/wp-content\/uploads\/2024\/10\/06.-UBICACIONES-ADUCCIONES-Y-DISTRIBUCIONES-ALT.-2-FINAL-1024x723.jpg\" alt=\"\" class=\"wp-image-716\" style=\"width:940px\" srcset=\"http:\/\/www.planteaingenieria.com\/wp-content\/uploads\/2024\/10\/06.-UBICACIONES-ADUCCIONES-Y-DISTRIBUCIONES-ALT.-2-FINAL-1024x723.jpg 1024w, http:\/\/www.planteaingenieria.com\/wp-content\/uploads\/2024\/10\/06.-UBICACIONES-ADUCCIONES-Y-DISTRIBUCIONES-ALT.-2-FINAL-300x212.jpg 300w, http:\/\/www.planteaingenieria.com\/wp-content\/uploads\/2024\/10\/06.-UBICACIONES-ADUCCIONES-Y-DISTRIBUCIONES-ALT.-2-FINAL-768x542.jpg 768w, http:\/\/www.planteaingenieria.com\/wp-content\/uploads\/2024\/10\/06.-UBICACIONES-ADUCCIONES-Y-DISTRIBUCIONES-ALT.-2-FINAL-1536x1085.jpg 1536w, http:\/\/www.planteaingenieria.com\/wp-content\/uploads\/2024\/10\/06.-UBICACIONES-ADUCCIONES-Y-DISTRIBUCIONES-ALT.-2-FINAL-2048x1446.jpg 2048w\" sizes=\"auto, (max-width: 1024px) 100vw, 1024px\" \/><\/figure>\n\n\n\n<figure class=\"wp-block-image size-large is-resized\"><img loading=\"lazy\" decoding=\"async\" width=\"1024\" height=\"723\" src=\"http:\/\/www.planteaingenieria.com\/wp-content\/uploads\/2024\/10\/08.-UBICACION-1-Embalse-ZAMBOA-1024x723.jpg\" alt=\"\" class=\"wp-image-717\" style=\"width:940px\" srcset=\"http:\/\/www.planteaingenieria.com\/wp-content\/uploads\/2024\/10\/08.-UBICACION-1-Embalse-ZAMBOA-1024x723.jpg 1024w, http:\/\/www.planteaingenieria.com\/wp-content\/uploads\/2024\/10\/08.-UBICACION-1-Embalse-ZAMBOA-300x212.jpg 300w, http:\/\/www.planteaingenieria.com\/wp-content\/uploads\/2024\/10\/08.-UBICACION-1-Embalse-ZAMBOA-768x543.jpg 768w, http:\/\/www.planteaingenieria.com\/wp-content\/uploads\/2024\/10\/08.-UBICACION-1-Embalse-ZAMBOA-1536x1085.jpg 1536w, http:\/\/www.planteaingenieria.com\/wp-content\/uploads\/2024\/10\/08.-UBICACION-1-Embalse-ZAMBOA-2048x1447.jpg 2048w\" sizes=\"auto, (max-width: 1024px) 100vw, 1024px\" \/><\/figure>\n\n\n\n<figure class=\"wp-block-image aligncenter size-large is-resized\"><img loading=\"lazy\" decoding=\"async\" width=\"1024\" height=\"723\" src=\"http:\/\/www.planteaingenieria.com\/wp-content\/uploads\/2024\/10\/09.-UBICACION-2-Embalse-ERA-VERDE-1024x723.jpg\" alt=\"\" class=\"wp-image-718\" style=\"width:940px\" srcset=\"http:\/\/www.planteaingenieria.com\/wp-content\/uploads\/2024\/10\/09.-UBICACION-2-Embalse-ERA-VERDE-1024x723.jpg 1024w, http:\/\/www.planteaingenieria.com\/wp-content\/uploads\/2024\/10\/09.-UBICACION-2-Embalse-ERA-VERDE-300x212.jpg 300w, http:\/\/www.planteaingenieria.com\/wp-content\/uploads\/2024\/10\/09.-UBICACION-2-Embalse-ERA-VERDE-768x543.jpg 768w, http:\/\/www.planteaingenieria.com\/wp-content\/uploads\/2024\/10\/09.-UBICACION-2-Embalse-ERA-VERDE-1536x1085.jpg 1536w, http:\/\/www.planteaingenieria.com\/wp-content\/uploads\/2024\/10\/09.-UBICACION-2-Embalse-ERA-VERDE-2048x1447.jpg 2048w\" sizes=\"auto, (max-width: 1024px) 100vw, 1024px\" \/><\/figure>\n\n\n\n<figure class=\"wp-block-image aligncenter size-large is-resized\"><img loading=\"lazy\" decoding=\"async\" width=\"1024\" height=\"719\" src=\"http:\/\/www.planteaingenieria.com\/wp-content\/uploads\/2024\/10\/10.-UBICACION-3-Embalse-HOYA-TILENA-1024x719.jpg\" alt=\"\" class=\"wp-image-719\" style=\"width:940px\" srcset=\"http:\/\/www.planteaingenieria.com\/wp-content\/uploads\/2024\/10\/10.-UBICACION-3-Embalse-HOYA-TILENA-1024x719.jpg 1024w, http:\/\/www.planteaingenieria.com\/wp-content\/uploads\/2024\/10\/10.-UBICACION-3-Embalse-HOYA-TILENA-300x211.jpg 300w, http:\/\/www.planteaingenieria.com\/wp-content\/uploads\/2024\/10\/10.-UBICACION-3-Embalse-HOYA-TILENA-768x539.jpg 768w, http:\/\/www.planteaingenieria.com\/wp-content\/uploads\/2024\/10\/10.-UBICACION-3-Embalse-HOYA-TILENA-1536x1078.jpg 1536w, http:\/\/www.planteaingenieria.com\/wp-content\/uploads\/2024\/10\/10.-UBICACION-3-Embalse-HOYA-TILENA-2048x1437.jpg 2048w\" sizes=\"auto, (max-width: 1024px) 100vw, 1024px\" \/><\/figure>","protected":false},"excerpt":{"rendered":"<p>Proyecto: Anteproyecto de Balsa las Tiletas, aducci\u00f3n y red de distribuci\u00f3n A\u00f1o: 2013 Promotor: GOBIERNO DE CANARIAS,CONSEJERIA DE AGRICULTURA, GANADER\u00cdA Y PESCA Descripci\u00f3n: Se trata de un anteproyecto y estudio para mejorar el sistema de regad\u00edo aproximadamente 980 ha de suelo agr\u00edcola, en el Municipio de Vilaflor y la zona alta de los municipios de [&hellip;]<\/p>","protected":false},"author":1,"featured_media":0,"parent":0,"menu_order":0,"comment_status":"closed","ping_status":"closed","template":"wp-custom-template-proyecto","meta":{"footnotes":""},"class_list":["post-288","page","type-page","status-publish","hentry"],"_links":{"self":[{"href":"http:\/\/www.planteaingenieria.com\/en\/wp-json\/wp\/v2\/pages\/288","targetHints":{"allow":["GET"]}}],"collection":[{"href":"http:\/\/www.planteaingenieria.com\/en\/wp-json\/wp\/v2\/pages"}],"about":[{"href":"http:\/\/www.planteaingenieria.com\/en\/wp-json\/wp\/v2\/types\/page"}],"author":[{"embeddable":true,"href":"http:\/\/www.planteaingenieria.com\/en\/wp-json\/wp\/v2\/users\/1"}],"replies":[{"embeddable":true,"href":"http:\/\/www.planteaingenieria.com\/en\/wp-json\/wp\/v2\/comments?post=288"}],"version-history":[{"count":0,"href":"http:\/\/www.planteaingenieria.com\/en\/wp-json\/wp\/v2\/pages\/288\/revisions"}],"wp:attachment":[{"href":"http:\/\/www.planteaingenieria.com\/en\/wp-json\/wp\/v2\/media?parent=288"}],"curies":[{"name":"wp","href":"https:\/\/api.w.org\/{rel}","templated":true}]}}