{"id":273,"date":"2024-10-02T12:38:18","date_gmt":"2024-10-02T10:38:18","guid":{"rendered":"http:\/\/www.planteaingenieria.com\/?page_id=273"},"modified":"2024-10-03T15:16:59","modified_gmt":"2024-10-03T13:16:59","slug":"proyecto-1","status":"publish","type":"page","link":"http:\/\/www.planteaingenieria.com\/en\/proyecto-1\/","title":{"rendered":"Execution Project for a Dairy Farm for 188 Head of Cattle"},"content":{"rendered":"<p><strong>Project: <\/strong>Execution Project for a Dairy Farm for 188 Head of Cattle<\/p>\n\n\n\n<p><strong>Year: <\/strong>2013 - Present<\/p>\n\n\n\n<p><strong>Promoter: <\/strong>Private Individual<\/p>\n\n\n\n<p><strong>Description:<\/strong> Execution and Management Project for the construction of a dairy farm for 188 head of cattle in free-stall housing with cubicles, including a milking parlor, dairy area, and offices. It includes a manure collection system with mechanical scrapers. The constructed area is 2,061 m\u00b2.<\/p>\n\n\n\n<figure class=\"wp-block-image alignwide size-full\"><img loading=\"lazy\" decoding=\"async\" width=\"1024\" height=\"768\" src=\"http:\/\/www.planteaingenieria.com\/wp-content\/uploads\/2024\/10\/20140915_113849-1024x768-1.jpg\" alt=\"\" class=\"wp-image-709\" srcset=\"http:\/\/www.planteaingenieria.com\/wp-content\/uploads\/2024\/10\/20140915_113849-1024x768-1.jpg 1024w, http:\/\/www.planteaingenieria.com\/wp-content\/uploads\/2024\/10\/20140915_113849-1024x768-1-300x225.jpg 300w, http:\/\/www.planteaingenieria.com\/wp-content\/uploads\/2024\/10\/20140915_113849-1024x768-1-768x576.jpg 768w\" sizes=\"auto, (max-width: 1024px) 100vw, 1024px\" \/><\/figure>\n\n\n\n<figure class=\"wp-block-image alignwide size-full\"><img loading=\"lazy\" decoding=\"async\" width=\"1024\" height=\"768\" src=\"http:\/\/www.planteaingenieria.com\/wp-content\/uploads\/2024\/10\/20140114_133013-1024x768-1.jpg\" alt=\"\" class=\"wp-image-708\" srcset=\"http:\/\/www.planteaingenieria.com\/wp-content\/uploads\/2024\/10\/20140114_133013-1024x768-1.jpg 1024w, http:\/\/www.planteaingenieria.com\/wp-content\/uploads\/2024\/10\/20140114_133013-1024x768-1-300x225.jpg 300w, http:\/\/www.planteaingenieria.com\/wp-content\/uploads\/2024\/10\/20140114_133013-1024x768-1-768x576.jpg 768w\" sizes=\"auto, (max-width: 1024px) 100vw, 1024px\" \/><\/figure>\n\n\n\n<figure class=\"wp-block-image aligncenter size-full is-resized\"><img loading=\"lazy\" decoding=\"async\" width=\"1024\" height=\"173\" src=\"http:\/\/www.planteaingenieria.com\/wp-content\/uploads\/2024\/10\/20140915_114448-1024x173-1.jpg\" alt=\"\" class=\"wp-image-710\" style=\"width:940px\" srcset=\"http:\/\/www.planteaingenieria.com\/wp-content\/uploads\/2024\/10\/20140915_114448-1024x173-1.jpg 1024w, http:\/\/www.planteaingenieria.com\/wp-content\/uploads\/2024\/10\/20140915_114448-1024x173-1-300x51.jpg 300w, http:\/\/www.planteaingenieria.com\/wp-content\/uploads\/2024\/10\/20140915_114448-1024x173-1-768x130.jpg 768w\" sizes=\"auto, (max-width: 1024px) 100vw, 1024px\" \/><\/figure>\n\n\n\n<figure class=\"wp-block-image aligncenter size-full is-resized has-custom-border is-style-default\"><img loading=\"lazy\" decoding=\"async\" width=\"640\" height=\"452\" src=\"http:\/\/www.planteaingenieria.com\/wp-content\/uploads\/2024\/10\/22.jpg\" alt=\"\" class=\"wp-image-711\" style=\"border-style:none;border-width:0px;width:940px\" srcset=\"http:\/\/www.planteaingenieria.com\/wp-content\/uploads\/2024\/10\/22.jpg 640w, http:\/\/www.planteaingenieria.com\/wp-content\/uploads\/2024\/10\/22-300x212.jpg 300w\" sizes=\"auto, (max-width: 640px) 100vw, 640px\" \/><\/figure>\n\n\n\n<figure class=\"wp-block-image aligncenter size-full is-resized\"><img loading=\"lazy\" decoding=\"async\" width=\"640\" height=\"452\" src=\"http:\/\/www.planteaingenieria.com\/wp-content\/uploads\/2024\/10\/4.jpg\" alt=\"\" class=\"wp-image-712\" style=\"width:940px\" srcset=\"http:\/\/www.planteaingenieria.com\/wp-content\/uploads\/2024\/10\/4.jpg 640w, http:\/\/www.planteaingenieria.com\/wp-content\/uploads\/2024\/10\/4-300x212.jpg 300w\" sizes=\"auto, (max-width: 640px) 100vw, 640px\" \/><\/figure>\n\n\n\n<figure class=\"wp-block-image aligncenter size-full is-resized\"><img loading=\"lazy\" decoding=\"async\" width=\"800\" height=\"565\" src=\"http:\/\/www.planteaingenieria.com\/wp-content\/uploads\/2024\/10\/7.jpg\" alt=\"\" class=\"wp-image-713\" style=\"width:940px\" srcset=\"http:\/\/www.planteaingenieria.com\/wp-content\/uploads\/2024\/10\/7.jpg 800w, http:\/\/www.planteaingenieria.com\/wp-content\/uploads\/2024\/10\/7-300x212.jpg 300w, http:\/\/www.planteaingenieria.com\/wp-content\/uploads\/2024\/10\/7-768x542.jpg 768w\" sizes=\"auto, (max-width: 800px) 100vw, 800px\" \/><\/figure>","protected":false},"excerpt":{"rendered":"<p>Proyecto: Proyecto de Ejecuci\u00f3n de granja para 188 cabezas de vacuno de leche. T.M. de Arona A\u00f1o: 2013 &#8211; Actualidad Promotor: Particular Descripci\u00f3n: Proyecto ejecuci\u00f3n y Direcci\u00f3n de Obras para la costrucci\u00f3n de una granja de 188 cabezas de ganado vacuno de leche en estabulaci\u00f3n libre con cub\u00edculos, incluyendo sala de orde\u00f1o, lecher\u00eda y oficinas. [&hellip;]<\/p>","protected":false},"author":1,"featured_media":0,"parent":0,"menu_order":0,"comment_status":"closed","ping_status":"closed","template":"wp-custom-template-proyecto","meta":{"footnotes":""},"class_list":["post-273","page","type-page","status-publish","hentry"],"_links":{"self":[{"href":"http:\/\/www.planteaingenieria.com\/en\/wp-json\/wp\/v2\/pages\/273","targetHints":{"allow":["GET"]}}],"collection":[{"href":"http:\/\/www.planteaingenieria.com\/en\/wp-json\/wp\/v2\/pages"}],"about":[{"href":"http:\/\/www.planteaingenieria.com\/en\/wp-json\/wp\/v2\/types\/page"}],"author":[{"embeddable":true,"href":"http:\/\/www.planteaingenieria.com\/en\/wp-json\/wp\/v2\/users\/1"}],"replies":[{"embeddable":true,"href":"http:\/\/www.planteaingenieria.com\/en\/wp-json\/wp\/v2\/comments?post=273"}],"version-history":[{"count":0,"href":"http:\/\/www.planteaingenieria.com\/en\/wp-json\/wp\/v2\/pages\/273\/revisions"}],"wp:attachment":[{"href":"http:\/\/www.planteaingenieria.com\/en\/wp-json\/wp\/v2\/media?parent=273"}],"curies":[{"name":"wp","href":"https:\/\/api.w.org\/{rel}","templated":true}]}}