{"id":138,"date":"2024-10-01T12:54:58","date_gmt":"2024-10-01T10:54:58","guid":{"rendered":"http:\/\/www.planteaingenieria.com\/?page_id=138"},"modified":"2024-10-03T13:41:10","modified_gmt":"2024-10-03T11:41:10","slug":"enlaces-de-interes","status":"publish","type":"page","link":"http:\/\/www.planteaingenieria.com\/en\/enlaces-de-interes\/","title":{"rendered":"Links of Interest"},"content":{"rendered":"<div class=\"wp-block-wavy-wavy-divider alignfull has-background\" style=\"background-color:#498c57\"><svg fill=\"none\" role=\"separator\" viewbox=\"0 0 100 150\" preserveaspectratio=\"none\" aria-orientation=\"horizontal\" aria-hidden=\"true\" style=\"height:150px;width:100%;display:block\"><path style=\"transition:all .5s ease;opacity:1\" fill=\"#498c57\" d=\"M 0,110 S 16,39 22,80 S 36,138 42,101 S 56,81 62,54 S 76,113 82,101 S 96,80 100,47 V 0 H 0 Z\"><\/path><\/svg><\/div>\n\n\n\n<p class=\"has-text-align-left has-text-color has-link-color wp-elements-8c3eda6a669785d95841a36e33ddae07\" style=\"color:#458fff;padding-top:0;padding-right:0;padding-bottom:0;padding-left:0;font-size:clamp(0.875rem, 0.875rem + ((1vw - 0.2rem) * 0.458), 1.15rem);\"><a href=\"https:\/\/www.agronomoscentro.org\/\">Colegio Oficial de Ingenieros Agr\u00f3nomos de Centro y Canarias<\/a><br><a href=\"http:\/\/www.geotecnia-canarias.es\/\">Geotecnia Canarias<\/a><br><a href=\"https:\/\/www.acantoagroambiental.es\/\">Acanto Agroambiental<\/a><br><a href=\"https:\/\/www.agrocabildo.org\/\">Agrocabildo<\/a><br><a href=\"https:\/\/www.gei-2a.com\/\/es\/index.php\">GEI-2A Grupo Europeo de Ingenier\u00eda Agroalimentaria<\/a><br><a href=\"http:\/\/www.magrama.es\/\">Ministerio del Agricultura y Alimentaci\u00f3n y Medio Ambiente<\/a><br><a href=\"http:\/\/www.todorumiantes.es\/\">Todorumiantes (Gesti\u00f3n y Control de Explotaciones Ganaderas)<\/a><\/p>\n\n\n\n<div class=\"wp-block-wavy-wavy-divider alignfull has-background\" style=\"background-color:#418a6b\"><svg fill=\"none\" role=\"separator\" viewbox=\"0 0 100 150\" preserveaspectratio=\"none\" aria-orientation=\"horizontal\" aria-hidden=\"true\" style=\"height:150px;width:100%;display:block\"><path style=\"transition:all .5s ease;opacity:1\" fill=\"#418a6b\" d=\"M 0,110 S 16,39 22,80 S 36,138 42,101 S 56,81 62,54 S 76,113 82,101 S 96,80 100,47 V 150 H 0 Z\"><\/path><\/svg><\/div>","protected":false},"excerpt":{"rendered":"<p>Colegio Oficial de Ingenieros Agr\u00f3nomos de Centro y CanariasGeotecnia CanariasAcanto AgroambientalAgrocabildoGEI-2A Grupo Europeo de Ingenier\u00eda AgroalimentariaMinisterio del Agricultura y Alimentaci\u00f3n y Medio AmbienteTodorumiantes (Gesti\u00f3n y Control de Explotaciones Ganaderas)<\/p>","protected":false},"author":1,"featured_media":43,"parent":0,"menu_order":0,"comment_status":"closed","ping_status":"closed","template":"enlaces","meta":{"footnotes":""},"class_list":["post-138","page","type-page","status-publish","has-post-thumbnail","hentry"],"_links":{"self":[{"href":"http:\/\/www.planteaingenieria.com\/en\/wp-json\/wp\/v2\/pages\/138","targetHints":{"allow":["GET"]}}],"collection":[{"href":"http:\/\/www.planteaingenieria.com\/en\/wp-json\/wp\/v2\/pages"}],"about":[{"href":"http:\/\/www.planteaingenieria.com\/en\/wp-json\/wp\/v2\/types\/page"}],"author":[{"embeddable":true,"href":"http:\/\/www.planteaingenieria.com\/en\/wp-json\/wp\/v2\/users\/1"}],"replies":[{"embeddable":true,"href":"http:\/\/www.planteaingenieria.com\/en\/wp-json\/wp\/v2\/comments?post=138"}],"version-history":[{"count":0,"href":"http:\/\/www.planteaingenieria.com\/en\/wp-json\/wp\/v2\/pages\/138\/revisions"}],"wp:featuredmedia":[{"embeddable":true,"href":"http:\/\/www.planteaingenieria.com\/en\/wp-json\/wp\/v2\/media\/43"}],"wp:attachment":[{"href":"http:\/\/www.planteaingenieria.com\/en\/wp-json\/wp\/v2\/media?parent=138"}],"curies":[{"name":"wp","href":"https:\/\/api.w.org\/{rel}","templated":true}]}}