{"id":119,"date":"2024-10-01T12:54:44","date_gmt":"2024-10-01T10:54:44","guid":{"rendered":"http:\/\/www.planteaingenieria.com\/?page_id=119"},"modified":"2024-10-08T11:32:01","modified_gmt":"2024-10-08T09:32:01","slug":"proyectos","status":"publish","type":"page","link":"http:\/\/www.planteaingenieria.com\/en\/proyectos\/","title":{"rendered":"Projects"},"content":{"rendered":"<div class=\"wp-block-wavy-wavy-divider alignfull has-background\" style=\"background-color:#418a6b\"><svg fill=\"none\" role=\"separator\" viewbox=\"0 0 100 200\" preserveaspectratio=\"none\" aria-orientation=\"horizontal\" aria-hidden=\"true\" style=\"height:200px;width:100%;display:block\"><path style=\"transition:all .5s ease;opacity:1\" fill=\"#418a6b\" d=\"M 0,126 L 20,180 L 40,118 L 60,190 L 80,64 L 100,152 V 0 H 0 Z\"><\/path><\/svg><\/div>\n\n\n\n<div class=\"wp-block-group alignfull has-base-2-background-color has-background has-global-padding is-layout-constrained wp-container-core-group-is-layout-0a427be6 wp-block-group-is-layout-constrained\" style=\"margin-top:0;margin-bottom:0;padding-top:var(--wp--preset--spacing--30);padding-right:var(--wp--preset--spacing--60);padding-bottom:var(--wp--preset--spacing--30);padding-left:var(--wp--preset--spacing--60)\">\n<div class=\"wp-block-group alignwide has-global-padding is-layout-constrained wp-block-group-is-layout-constrained\">\n<div class=\"wp-block-columns alignwide is-layout-flex wp-container-core-columns-is-layout-d0bbbce0 wp-block-columns-is-layout-flex\">\n<div class=\"wp-block-column is-vertically-aligned-top has-global-padding is-layout-constrained wp-container-core-column-is-layout-c19476fc wp-block-column-is-layout-constrained\">\n<figure class=\"wp-block-image alignfull size-full\"><a href=\"http:\/\/www.planteaingenieria.com\/en\/proyecto-1\/\"><img loading=\"lazy\" decoding=\"async\" width=\"280\" height=\"160\" src=\"http:\/\/www.planteaingenieria.com\/wp-content\/uploads\/2024\/10\/20140114_133013-280x160-1.jpg\" alt=\"\" class=\"wp-image-120\"\/><\/a><\/figure>\n\n\n\n<p class=\"has-text-align-center\" style=\"font-size:clamp(0.875rem, 0.875rem + ((1vw - 0.2rem) * 0.542), 1.2rem);\"><strong>Execution Project for a Dairy Farm for 188 Head of Cattle<\/strong><\/p>\n<\/div>\n\n\n\n<div class=\"wp-block-column has-global-padding is-layout-constrained wp-container-core-column-is-layout-c19476fc wp-block-column-is-layout-constrained\">\n<figure class=\"wp-block-image alignfull size-full\"><a href=\"http:\/\/www.planteaingenieria.com\/en\/proyecto-2\/\"><img loading=\"lazy\" decoding=\"async\" width=\"280\" height=\"160\" src=\"http:\/\/www.planteaingenieria.com\/wp-content\/uploads\/2024\/10\/06.-UBICACIONES-280x160-1.jpg\" alt=\"\" class=\"wp-image-121\"\/><\/a><\/figure>\n\n\n\n<p class=\"has-text-align-center\" style=\"font-size:clamp(0.875rem, 0.875rem + ((1vw - 0.2rem) * 0.542), 1.2rem);\"><strong>Preliminary Project for Balsa las Tiletas: Adduction and Distribution Network<\/strong><\/p>\n<\/div>\n\n\n\n<div class=\"wp-block-column has-global-padding is-layout-constrained wp-container-core-column-is-layout-c19476fc wp-block-column-is-layout-constrained\">\n<figure class=\"wp-block-image alignfull size-full\"><a href=\"http:\/\/www.planteaingenieria.com\/en\/proyecto-3\/\"><img loading=\"lazy\" decoding=\"async\" width=\"280\" height=\"160\" src=\"http:\/\/www.planteaingenieria.com\/wp-content\/uploads\/2024\/10\/FotografA\u00ada-de-pA\u00a1gina-completa1_Pagina_03-280x160-1.jpg\" alt=\"\" class=\"wp-image-122\"\/><\/a><\/figure>\n\n\n\n<p class=\"has-text-align-center\" style=\"font-size:clamp(0.875rem, 0.875rem + ((1vw - 0.2rem) * 0.542), 1.2rem);\"><strong>Modified Execution Project for Civil Works for the Refurbishment and Expansion of Industrial Poultry Slaughterhouse Facilities<\/strong><\/p>\n<\/div>\n<\/div>\n<\/div>\n\n\n\n<div class=\"wp-block-columns alignwide is-layout-flex wp-container-core-columns-is-layout-d0bbbce0 wp-block-columns-is-layout-flex\">\n<div class=\"wp-block-column has-global-padding is-layout-constrained wp-container-core-column-is-layout-c19476fc wp-block-column-is-layout-constrained\">\n<figure class=\"wp-block-gallery has-nested-images columns-default is-cropped wp-block-gallery-1 is-layout-flex wp-block-gallery-is-layout-flex\">\n<figure class=\"wp-block-image size-full\"><a href=\"http:\/\/www.planteaingenieria.com\/en\/proyecto-4\/\"><img loading=\"lazy\" decoding=\"async\" width=\"280\" height=\"160\" data-id=\"123\" src=\"http:\/\/www.planteaingenieria.com\/wp-content\/uploads\/2024\/10\/red_de_riego_tigaiga_0007-280x160-2.jpg\" alt=\"\" class=\"wp-image-123\"\/><\/a><\/figure>\n<\/figure>\n\n\n\n<p class=\"has-text-align-center\" style=\"font-size:clamp(0.875rem, 0.875rem + ((1vw - 0.2rem) * 0.542), 1.2rem);\"><strong>Irrigation Network and Regulating Reservoir in the Tigaiga Area (Los Realejos)<\/strong><\/p>\n<\/div>\n\n\n\n<div class=\"wp-block-column has-global-padding is-layout-constrained wp-container-core-column-is-layout-c19476fc wp-block-column-is-layout-constrained\">\n<figure class=\"wp-block-image alignfull size-full\"><a href=\"http:\/\/www.planteaingenieria.com\/en\/proyecto-5\/\"><img loading=\"lazy\" decoding=\"async\" width=\"280\" height=\"160\" src=\"http:\/\/www.planteaingenieria.com\/wp-content\/uploads\/2024\/10\/las_caroneras_0001-280x160-2.jpg\" alt=\"\" class=\"wp-image-124\"\/><\/a><\/figure>\n\n\n\n<p class=\"has-text-align-center\" style=\"font-size:clamp(0.875rem, 0.875rem + ((1vw - 0.2rem) * 0.542), 1.2rem);\"><strong>Road in the Las Huertas Area. Las Carboneras<\/strong><\/p>\n<\/div>\n\n\n\n<div class=\"wp-block-column has-global-padding is-layout-constrained wp-container-core-column-is-layout-c19476fc wp-block-column-is-layout-constrained\">\n<figure class=\"wp-block-image alignfull size-full\"><a href=\"http:\/\/www.planteaingenieria.com\/en\/proyecto-6\/\"><img loading=\"lazy\" decoding=\"async\" width=\"280\" height=\"160\" src=\"http:\/\/www.planteaingenieria.com\/wp-content\/uploads\/2024\/10\/df_losllanos_portezuelo_0004-280x160-2.jpg\" alt=\"\" class=\"wp-image-125\"\/><\/a><\/figure>\n\n\n\n<p class=\"has-text-align-center\" style=\"font-size:clamp(0.875rem, 0.875rem + ((1vw - 0.2rem) * 0.542), 1.2rem);\"><strong>Modified Project for the Improvement and Paving of the Camino de los Llanos del Portezuelo. Tegueste<\/strong><\/p>\n<\/div>\n<\/div>\n<\/div>\n\n\n\n<div class=\"wp-block-wavy-wavy-divider alignfull has-background\" style=\"background-color:#498c57\"><svg fill=\"none\" role=\"separator\" viewbox=\"0 0 100 200\" preserveaspectratio=\"none\" aria-orientation=\"horizontal\" aria-hidden=\"true\" style=\"height:200px;width:100%;display:block\"><path style=\"transition:all .5s ease;opacity:1\" fill=\"#498c57\" d=\"M 0,126 L 20,180 L 40,118 L 60,190 L 80,64 L 100,152 V 200 H 0 Z\"><\/path><\/svg><\/div>\n\n\n\n<div class=\"wp-block-wavy-wavy-divider alignfull has-background\" style=\"background-color:#498c57\"><svg fill=\"none\" role=\"separator\" viewbox=\"0 0 100 200\" preserveaspectratio=\"none\" aria-orientation=\"horizontal\" aria-hidden=\"true\" style=\"height:200px;width:100%;display:block\"><path style=\"transition:all .5s ease;opacity:1\" fill=\"#498c57\" d=\"M 0,126 L 20,180 L 40,118 L 60,190 L 80,64 L 100,152 V 0 H 0 Z\"><\/path><\/svg><\/div>\n\n\n\n<div class=\"wp-block-group alignfull has-base-2-background-color has-background has-global-padding is-layout-constrained wp-container-core-group-is-layout-f6cc5ae6 wp-block-group-is-layout-constrained\" style=\"margin-top:0;margin-bottom:0;padding-top:var(--wp--preset--spacing--30);padding-right:var(--wp--preset--spacing--50);padding-bottom:var(--wp--preset--spacing--30);padding-left:var(--wp--preset--spacing--50)\">\n<div class=\"wp-block-columns alignwide is-layout-flex wp-container-core-columns-is-layout-d0bbbce0 wp-block-columns-is-layout-flex\">\n<div class=\"wp-block-column has-global-padding is-layout-constrained wp-container-core-column-is-layout-c19476fc wp-block-column-is-layout-constrained\">\n<figure class=\"wp-block-image alignfull size-full\"><a href=\"http:\/\/www.planteaingenieria.com\/en\/proyecto-7\/\"><img loading=\"lazy\" decoding=\"async\" width=\"280\" height=\"160\" src=\"http:\/\/www.planteaingenieria.com\/wp-content\/uploads\/2024\/10\/bodega_finca_agricola_00061-280x160-2.jpg\" alt=\"\" class=\"wp-image-126\"\/><\/a><\/figure>\n\n\n\n<p class=\"has-text-align-center\" style=\"font-size:clamp(0.875rem, 0.875rem + ((1vw - 0.2rem) * 0.542), 1.2rem);\"><strong>Family Winery on Agricultural Estate. Tegueste<\/strong><\/p>\n<\/div>\n\n\n\n<div class=\"wp-block-column has-global-padding is-layout-constrained wp-container-core-column-is-layout-c19476fc wp-block-column-is-layout-constrained\">\n<figure class=\"wp-block-image alignfull size-full\"><a href=\"http:\/\/www.planteaingenieria.com\/en\/proyecto-8\/\"><img loading=\"lazy\" decoding=\"async\" width=\"280\" height=\"160\" src=\"http:\/\/www.planteaingenieria.com\/wp-content\/uploads\/2024\/10\/sendero_costero_norte_0001-280x160-2.jpg\" alt=\"\" class=\"wp-image-127\"\/><\/a><\/figure>\n\n\n\n<p class=\"has-text-align-center\" style=\"font-size:clamp(0.875rem, 0.875rem + ((1vw - 0.2rem) * 0.542), 1.2rem);\"><strong>Conditioning of the Northern Coastal Trail PR TF-30, as it passes through the municipality of La Orotava.<\/strong><\/p>\n<\/div>\n\n\n\n<div class=\"wp-block-column has-global-padding is-layout-constrained wp-container-core-column-is-layout-c19476fc wp-block-column-is-layout-constrained\">\n<figure class=\"wp-block-image alignfull size-full\"><a href=\"http:\/\/www.planteaingenieria.com\/en\/proyecto-9\/\"><img loading=\"lazy\" decoding=\"async\" width=\"280\" height=\"160\" src=\"http:\/\/www.planteaingenieria.com\/wp-content\/uploads\/2024\/10\/DSCF0004-280x160-1.jpg\" alt=\"\" class=\"wp-image-128\"\/><\/a><\/figure>\n\n\n\n<p class=\"has-text-align-center\" style=\"font-size:clamp(0.875rem, 0.875rem + ((1vw - 0.2rem) * 0.542), 1.2rem);\"><strong>Technological, productive, and sanitary improvement project for the Gran Canaria Island Slaughterhouse.<\/strong><\/p>\n<\/div>\n<\/div>\n\n\n\n<div class=\"wp-block-columns alignwide is-layout-flex wp-container-core-columns-is-layout-d0bbbce0 wp-block-columns-is-layout-flex\">\n<div class=\"wp-block-column has-global-padding is-layout-constrained wp-container-core-column-is-layout-c19476fc wp-block-column-is-layout-constrained\">\n<figure class=\"wp-block-gallery has-nested-images columns-default is-cropped wp-block-gallery-2 is-layout-flex wp-block-gallery-is-layout-flex\">\n<figure class=\"wp-block-image aligncenter size-full\"><a href=\"http:\/\/www.planteaingenieria.com\/en\/proyecto-10\/\"><img loading=\"lazy\" decoding=\"async\" width=\"280\" height=\"160\" data-id=\"129\" src=\"http:\/\/www.planteaingenieria.com\/wp-content\/uploads\/2024\/10\/DSCF0041-280x160-1.jpg\" alt=\"\" class=\"wp-image-129\"\/><\/a><\/figure>\n<\/figure>\n\n\n\n<p class=\"has-text-align-center\" style=\"font-size:clamp(0.875rem, 0.875rem + ((1vw - 0.2rem) * 0.542), 1.2rem);\"><strong>Topographic work for the establishment of a 34 MW photovoltaic solar power plant in the municipality of Arico.<\/strong><\/p>\n<\/div>\n\n\n\n<div class=\"wp-block-column has-global-padding is-layout-constrained wp-container-core-column-is-layout-c19476fc wp-block-column-is-layout-constrained\">\n<figure class=\"wp-block-image alignfull size-full\"><a href=\"http:\/\/www.planteaingenieria.com\/en\/proyecto-11\/\"><img loading=\"lazy\" decoding=\"async\" width=\"280\" height=\"160\" src=\"http:\/\/www.planteaingenieria.com\/wp-content\/uploads\/2024\/10\/DSCF00511-280x160-1.jpg\" alt=\"\" class=\"wp-image-130\"\/><\/a><\/figure>\n\n\n\n<p class=\"has-text-align-center\" style=\"font-size:clamp(0.875rem, 0.875rem + ((1vw - 0.2rem) * 0.542), 1.2rem);\"><strong>Greenhouse for tomato cultivation.<\/strong><\/p>\n<\/div>\n\n\n\n<div class=\"wp-block-column has-global-padding is-layout-constrained wp-container-core-column-is-layout-c19476fc wp-block-column-is-layout-constrained\">\n<figure class=\"wp-block-image alignfull size-full\"><a href=\"http:\/\/www.planteaingenieria.com\/en\/proyecto-12\/\"><img loading=\"lazy\" decoding=\"async\" width=\"533\" height=\"300\" src=\"http:\/\/www.planteaingenieria.com\/wp-content\/uploads\/2024\/10\/rural_box-940x300-1-edited.jpg\" alt=\"\" class=\"wp-image-131\" srcset=\"http:\/\/www.planteaingenieria.com\/wp-content\/uploads\/2024\/10\/rural_box-940x300-1-edited.jpg 533w, http:\/\/www.planteaingenieria.com\/wp-content\/uploads\/2024\/10\/rural_box-940x300-1-edited-300x169.jpg 300w\" sizes=\"auto, (max-width: 533px) 100vw, 533px\" \/><\/a><\/figure>\n\n\n\n<p class=\"has-text-align-center\" style=\"font-size:clamp(0.875rem, 0.875rem + ((1vw - 0.2rem) * 0.542), 1.2rem);\"><strong>List of other completed works<\/strong><\/p>\n<\/div>\n<\/div>\n<\/div>\n\n\n\n<div class=\"wp-block-wavy-wavy-divider alignfull has-background\" style=\"background-color:#418a6b\"><svg fill=\"none\" role=\"separator\" viewbox=\"0 0 100 200\" preserveaspectratio=\"none\" aria-orientation=\"horizontal\" aria-hidden=\"true\" style=\"height:200px;width:100%;display:block\"><path style=\"transition:all .5s ease;opacity:1\" fill=\"#418a6b\" d=\"M 0,126 L 20,180 L 40,118 L 60,190 L 80,64 L 100,152 V 200 H 0 Z\"><\/path><\/svg><\/div>","protected":false},"excerpt":{"rendered":"<p>Proyecto de Ejecuci\u00f3n de granja para 188 cabezas de vacuno de leche Anteproyecto de Balsa las Tiletas, aducci\u00f3n y red de distribuci\u00f3n Modificado del Proyecto de Ejecuci\u00f3n de Obra Civil Para La Habilitaci\u00f3n y Ampliaci\u00f3n de Naves Destinadas a Matadero Industrial de Aves Red de riego y dep\u00f3sito regulador en la zona de Tigaiga (Los [&hellip;]<\/p>","protected":false},"author":1,"featured_media":44,"parent":0,"menu_order":0,"comment_status":"closed","ping_status":"closed","template":"proyecto-pagina","meta":{"footnotes":""},"class_list":["post-119","page","type-page","status-publish","has-post-thumbnail","hentry"],"_links":{"self":[{"href":"http:\/\/www.planteaingenieria.com\/en\/wp-json\/wp\/v2\/pages\/119","targetHints":{"allow":["GET"]}}],"collection":[{"href":"http:\/\/www.planteaingenieria.com\/en\/wp-json\/wp\/v2\/pages"}],"about":[{"href":"http:\/\/www.planteaingenieria.com\/en\/wp-json\/wp\/v2\/types\/page"}],"author":[{"embeddable":true,"href":"http:\/\/www.planteaingenieria.com\/en\/wp-json\/wp\/v2\/users\/1"}],"replies":[{"embeddable":true,"href":"http:\/\/www.planteaingenieria.com\/en\/wp-json\/wp\/v2\/comments?post=119"}],"version-history":[{"count":0,"href":"http:\/\/www.planteaingenieria.com\/en\/wp-json\/wp\/v2\/pages\/119\/revisions"}],"wp:featuredmedia":[{"embeddable":true,"href":"http:\/\/www.planteaingenieria.com\/en\/wp-json\/wp\/v2\/media\/44"}],"wp:attachment":[{"href":"http:\/\/www.planteaingenieria.com\/en\/wp-json\/wp\/v2\/media?parent=119"}],"curies":[{"name":"wp","href":"https:\/\/api.w.org\/{rel}","templated":true}]}}