{"id":115,"date":"2024-10-01T12:50:55","date_gmt":"2024-10-01T10:50:55","guid":{"rendered":"http:\/\/www.planteaingenieria.com\/?page_id=115"},"modified":"2024-10-08T12:57:00","modified_gmt":"2024-10-08T10:57:00","slug":"servicios","status":"publish","type":"page","link":"http:\/\/www.planteaingenieria.com\/en\/servicios\/","title":{"rendered":"Services"},"content":{"rendered":"<div class=\"wp-block-wavy-wavy-divider alignfull has-background\" style=\"background-color:#498c57\"><svg fill=\"none\" role=\"separator\" viewbox=\"0 0 100 195\" preserveaspectratio=\"none\" aria-orientation=\"horizontal\" aria-hidden=\"true\" style=\"height:200px;width:100%;display:block\"><path style=\"transition:all .5s ease;opacity:1\" fill=\"#498c57\" d=\"M 0,120 L 33,136 L 67,170 L 100,56 V 0 H 0 Z\"><\/path><\/svg><\/div>\n\n\n\n<div class=\"wp-block-columns is-layout-flex wp-container-core-columns-is-layout-28f84493 wp-block-columns-is-layout-flex\">\n<div class=\"wp-block-column is-layout-flow wp-block-column-is-layout-flow\">\n<p style=\"padding-right:var(--wp--preset--spacing--60);padding-left:var(--wp--preset--spacing--60);font-size:clamp(0.875rem, 0.875rem + ((1vw - 0.2rem) * 0.458), 1.15rem);\"><strong>Plantea Ingenier\u00eda<\/strong> offers consultancy services, project drafting, and development within the agro-environmental sector.<\/p>\n\n\n\n<p style=\"padding-top:var(--wp--preset--spacing--10);padding-right:var(--wp--preset--spacing--60);padding-bottom:0;padding-left:var(--wp--preset--spacing--60);font-size:clamp(0.875rem, 0.875rem + ((1vw - 0.2rem) * 0.458), 1.15rem);\">We primarily carry out technical projects, studies, and reports related to the rural, agri-food, and environmental fields. We assist with obtaining construction and activity licenses, as well as providing project management and coordination services.<\/p>\n<\/div>\n<\/div>\n\n\n\n<div class=\"wp-block-wavy-wavy-divider alignfull has-background\" style=\"background-color:#418a6b\"><svg fill=\"none\" role=\"separator\" viewbox=\"0 0 100 145\" preserveaspectratio=\"none\" aria-orientation=\"horizontal\" aria-hidden=\"true\" style=\"height:150px;width:100%;display:block\"><path style=\"transition:all .5s ease;opacity:1\" fill=\"#418a6b\" d=\"M 0,90 L 33,102 L 67,128 L 100,42 V 150 H 0 Z\"><\/path><\/svg><\/div>\n\n\n\n<div class=\"wp-block-wavy-wavy-divider alignfull has-background\" style=\"background-color:#418a6b\"><svg fill=\"none\" role=\"separator\" viewbox=\"0 0 100 295\" preserveaspectratio=\"none\" aria-orientation=\"horizontal\" aria-hidden=\"true\" style=\"height:300px;width:100%;display:block\"><path style=\"transition:all .5s ease;opacity:1\" fill=\"#418a6b\" d=\"M 0,180 L 33,204 L 67,255 L 100,84 V 0 H 0 Z\"><\/path><\/svg><\/div>\n\n\n\n<div class=\"wp-block-columns is-layout-flex wp-container-core-columns-is-layout-e0e4babd wp-block-columns-is-layout-flex\" style=\"padding-right:0;padding-left:0\">\n<div class=\"wp-block-column has-global-padding is-layout-constrained wp-container-core-column-is-layout-30335426 wp-block-column-is-layout-constrained\" style=\"padding-left:var(--wp--preset--spacing--20)\">\n<p class=\"has-text-align-left\" style=\"font-size:clamp(1.066rem, 1.066rem + ((1vw - 0.2rem) * 0.973), 1.65rem);\"><strong>Our Service Offering<\/strong><\/p>\n\n\n\n<ul class=\"wp-block-list\">\n<li style=\"font-size:clamp(0.875rem, 0.875rem + ((1vw - 0.2rem) * 0.458), 1.15rem);\">Topographic and Cartography Work<\/li>\n\n\n\n<li style=\"font-size:clamp(0.875rem, 0.875rem + ((1vw - 0.2rem) * 0.458), 1.15rem);\">Land measurements and segregations<\/li>\n\n\n\n<li style=\"font-size:clamp(0.875rem, 0.875rem + ((1vw - 0.2rem) * 0.458), 1.15rem);\">Topographic planimetric surveys<\/li>\n\n\n\n<li style=\"font-size:clamp(0.875rem, 0.875rem + ((1vw - 0.2rem) * 0.458), 1.15rem);\">Layouts<\/li>\n\n\n\n<li style=\"font-size:clamp(0.875rem, 0.875rem + ((1vw - 0.2rem) * 0.458), 1.15rem);\">Thematic cartography<\/li>\n\n\n\n<li style=\"font-size:clamp(0.875rem, 0.875rem + ((1vw - 0.2rem) * 0.458), 1.15rem);\">Application of GIS (Geographic Information Systems)<\/li>\n<\/ul>\n<\/div>\n\n\n\n<div class=\"wp-block-column has-global-padding is-layout-constrained wp-block-column-is-layout-constrained\">\n<p style=\"padding-right:var(--wp--preset--spacing--40);font-size:clamp(1.066rem, 1.066rem + ((1vw - 0.2rem) * 0.973), 1.65rem);\"><strong>Preliminary Projects, Projects, and Construction Management in Agricultural, Agro-industrial, and Agri-food Construction<\/strong><\/p>\n\n\n\n<ul class=\"wp-block-list\">\n<li style=\"font-size:clamp(0.875rem, 0.875rem + ((1vw - 0.2rem) * 0.458), 1.15rem);\">Agricultural-use buildings<\/li>\n\n\n\n<li style=\"font-size:clamp(0.875rem, 0.875rem + ((1vw - 0.2rem) * 0.458), 1.15rem);\">Farms and livestock facilities<\/li>\n\n\n\n<li style=\"font-size:clamp(0.875rem, 0.875rem + ((1vw - 0.2rem) * 0.458), 1.15rem);\">Greenhouses and environmental control facilities<\/li>\n\n\n\n<li style=\"padding-right:var(--wp--preset--spacing--30);font-size:clamp(0.875rem, 0.875rem + ((1vw - 0.2rem) * 0.458), 1.15rem);\">Agri-food industries (bakeries, wineries, dairies, fruit and vegetable packing plants)<\/li>\n<\/ul>\n<\/div>\n\n\n\n<div class=\"wp-block-column has-global-padding is-layout-constrained wp-block-column-is-layout-constrained\">\n<p style=\"font-size:clamp(1.066rem, 1.066rem + ((1vw - 0.2rem) * 0.973), 1.65rem);\"><strong>Land Management<\/strong><\/p>\n\n\n\n<ul class=\"wp-block-list\">\n<li style=\"font-size:clamp(0.875rem, 0.875rem + ((1vw - 0.2rem) * 0.458), 1.15rem);\">Rural roads<\/li>\n\n\n\n<li style=\"font-size:clamp(0.875rem, 0.875rem + ((1vw - 0.2rem) * 0.458), 1.15rem);\">Agroforestry tracks<\/li>\n\n\n\n<li style=\"font-size:clamp(0.875rem, 0.875rem + ((1vw - 0.2rem) * 0.458), 1.15rem);\">Parks and gardens<\/li>\n\n\n\n<li style=\"font-size:clamp(0.875rem, 0.875rem + ((1vw - 0.2rem) * 0.458), 1.15rem);\">Ecological restorations, revegetation, etc.<\/li>\n\n\n\n<li style=\"font-size:clamp(0.875rem, 0.875rem + ((1vw - 0.2rem) * 0.458), 1.15rem);\">Development of public-use facilities<\/li>\n\n\n\n<li style=\"font-size:clamp(0.875rem, 0.875rem + ((1vw - 0.2rem) * 0.458), 1.15rem);\">Management of protected natural areas<\/li>\n<\/ul>\n<\/div>\n<\/div>\n\n\n\n<div class=\"wp-block-columns is-layout-flex wp-container-core-columns-is-layout-601ced30 wp-block-columns-is-layout-flex\" style=\"margin-top:0;margin-bottom:0;padding-top:var(--wp--preset--spacing--20);padding-right:0;padding-bottom:0;padding-left:0\">\n<div class=\"wp-block-column has-global-padding is-layout-constrained wp-container-core-column-is-layout-faf5af8a wp-block-column-is-layout-constrained\" style=\"padding-left:var(--wp--preset--spacing--20)\">\n<p style=\"font-size:clamp(1.066rem, 1.066rem + ((1vw - 0.2rem) * 0.973), 1.65rem);\"><strong>Hydraulic Infrastructure<\/strong><\/p>\n\n\n\n<ul class=\"wp-block-list\">\n<li style=\"font-size:clamp(0.875rem, 0.875rem + ((1vw - 0.2rem) * 0.458), 1.15rem);\">Reservoirs<\/li>\n\n\n\n<li style=\"font-size:clamp(0.875rem, 0.875rem + ((1vw - 0.2rem) * 0.458), 1.15rem);\">Irrigation systems and water transport<\/li>\n\n\n\n<li style=\"font-size:clamp(0.875rem, 0.875rem + ((1vw - 0.2rem) * 0.458), 1.15rem);\">Wastewater treatment<\/li>\n<\/ul>\n<\/div>\n\n\n\n<div class=\"wp-block-column has-global-padding is-layout-constrained wp-block-column-is-layout-constrained\">\n<p style=\"font-size:clamp(1.066rem, 1.066rem + ((1vw - 0.2rem) * 0.973), 1.65rem);\"><strong>Studies and Reports<\/strong><\/p>\n\n\n\n<ul class=\"wp-block-list\">\n<li style=\"font-size:clamp(0.875rem, 0.875rem + ((1vw - 0.2rem) * 0.458), 1.15rem);\">Environmental impact assessments<\/li>\n\n\n\n<li style=\"font-size:clamp(0.875rem, 0.875rem + ((1vw - 0.2rem) * 0.458), 1.15rem);\">Economic feasibility studies<\/li>\n\n\n\n<li style=\"font-size:clamp(0.875rem, 0.875rem + ((1vw - 0.2rem) * 0.458), 1.15rem);\">Expert reports<\/li>\n\n\n\n<li style=\"font-size:clamp(0.875rem, 0.875rem + ((1vw - 0.2rem) * 0.458), 1.15rem);\">Flora and fauna studies<\/li>\n\n\n\n<li style=\"font-size:clamp(0.875rem, 0.875rem + ((1vw - 0.2rem) * 0.458), 1.15rem);\">Environmental inventories<\/li>\n\n\n\n<li style=\"font-size:clamp(0.875rem, 0.875rem + ((1vw - 0.2rem) * 0.458), 1.15rem);\">Property and equipment valuations<\/li>\n<\/ul>\n<\/div>\n\n\n\n<div class=\"wp-block-column has-global-padding is-layout-constrained wp-block-column-is-layout-constrained\">\n<p style=\"font-size:clamp(1.066rem, 1.066rem + ((1vw - 0.2rem) * 0.973), 1.65rem);\"><strong>Land Conditioning<\/strong><\/p>\n\n\n\n<ul class=\"wp-block-list\">\n<li style=\"font-size:clamp(0.875rem, 0.875rem + ((1vw - 0.2rem) * 0.458), 1.15rem);\">Terrace construction and land modeling<\/li>\n\n\n\n<li style=\"font-size:clamp(0.875rem, 0.875rem + ((1vw - 0.2rem) * 0.458), 1.15rem);\">Land plowing<\/li>\n<\/ul>\n<\/div>\n<\/div>\n\n\n\n<div class=\"wp-block-wavy-wavy-divider alignfull has-background\" style=\"background-color:#498c57\"><svg fill=\"none\" role=\"separator\" viewbox=\"0 0 100 395\" preserveaspectratio=\"none\" aria-orientation=\"horizontal\" aria-hidden=\"true\" style=\"height:400px;width:100%;display:block\"><path style=\"transition:all .5s ease;opacity:1\" fill=\"#498c57\" d=\"M 0,240 L 33,272 L 67,340 L 100,112 V 400 H 0 Z\"><\/path><\/svg><\/div>","protected":false},"excerpt":{"rendered":"<p>Plantea Ingenier\u00eda ofrece servicios de consultor\u00eda, redacci\u00f3n y desarrollo de proyectos dentro del mundo agro-ambiental. Realizamos principalmente proyectos t\u00e9cnicos, estudios e informes relacionados con el \u00e1mbito rural, alimentario y medioambiental. Facilitamos la tramitaci\u00f3n de licencias de obra y de actividad. As\u00ed como trabajos de direcci\u00f3n de obra y coordinaci\u00f3n. Nuestro oferta de servicios Anteproyectos, proyectos [&hellip;]<\/p>","protected":false},"author":1,"featured_media":45,"parent":0,"menu_order":0,"comment_status":"closed","ping_status":"closed","template":"services","meta":{"footnotes":""},"class_list":["post-115","page","type-page","status-publish","has-post-thumbnail","hentry"],"_links":{"self":[{"href":"http:\/\/www.planteaingenieria.com\/en\/wp-json\/wp\/v2\/pages\/115","targetHints":{"allow":["GET"]}}],"collection":[{"href":"http:\/\/www.planteaingenieria.com\/en\/wp-json\/wp\/v2\/pages"}],"about":[{"href":"http:\/\/www.planteaingenieria.com\/en\/wp-json\/wp\/v2\/types\/page"}],"author":[{"embeddable":true,"href":"http:\/\/www.planteaingenieria.com\/en\/wp-json\/wp\/v2\/users\/1"}],"replies":[{"embeddable":true,"href":"http:\/\/www.planteaingenieria.com\/en\/wp-json\/wp\/v2\/comments?post=115"}],"version-history":[{"count":0,"href":"http:\/\/www.planteaingenieria.com\/en\/wp-json\/wp\/v2\/pages\/115\/revisions"}],"wp:featuredmedia":[{"embeddable":true,"href":"http:\/\/www.planteaingenieria.com\/en\/wp-json\/wp\/v2\/media\/45"}],"wp:attachment":[{"href":"http:\/\/www.planteaingenieria.com\/en\/wp-json\/wp\/v2\/media?parent=115"}],"curies":[{"name":"wp","href":"https:\/\/api.w.org\/{rel}","templated":true}]}}